{"id":1381,"date":"2023-05-19T07:40:04","date_gmt":"2023-05-19T00:40:04","guid":{"rendered":"https:\/\/bilaw.vn\/?page_id=1381"},"modified":"2023-06-09T17:21:17","modified_gmt":"2023-06-09T10:21:17","slug":"about-us","status":"publish","type":"page","link":"https:\/\/bilaw.vn\/?page_id=1381&lang=en","title":{"rendered":"ABOUT US"},"content":{"rendered":"  <div id=\"page-header-1290453273\" class=\"page-header-wrapper\">\n  <div class=\"page-title dark featured-title\">\n\n    \n    <div class=\"page-title-inner container align-center text-center flex-row-col medium-flex-wrap\" >\n              <div class=\"title-wrapper flex-col\">\n          <h1 class=\"entry-title mb-0\">\n            ABOUT US          <\/h1>\n        <\/div>\n                    <div class=\"title-content flex-col\">\n        <div class=\"title-share pt-half pb-half\"><div class=\"social-icons share-icons share-row relative\" ><a href=\"https:\/\/www.facebook.com\/sharer.php?u=https:\/\/bilaw.vn\/?page_id=1381&lang=en\" data-label=\"Facebook\" onclick=\"window.open(this.href,this.title,'width=500,height=500,top=300px,left=300px');  return false;\" rel=\"noopener noreferrer nofollow\" target=\"_blank\" class=\"icon primary button circle tooltip facebook\" title=\"Share on Facebook\" aria-label=\"Share on Facebook\"><i class=\"icon-facebook\" ><\/i><\/a><a href=\"https:\/\/twitter.com\/share?url=https:\/\/bilaw.vn\/?page_id=1381&lang=en\" onclick=\"window.open(this.href,this.title,'width=500,height=500,top=300px,left=300px');  return false;\" rel=\"noopener noreferrer nofollow\" target=\"_blank\" class=\"icon primary button circle tooltip twitter\" title=\"Share on Twitter\" aria-label=\"Share on Twitter\"><i class=\"icon-twitter\" ><\/i><\/a><a href=\"mailto:enteryour@addresshere.com?subject=ABOUT%20US&amp;body=Check%20this%20out:%20https:\/\/bilaw.vn\/?page_id=1381&lang=en\" rel=\"nofollow\" class=\"icon primary button circle tooltip email\" title=\"Email to a Friend\" aria-label=\"Email to a Friend\"><i class=\"icon-envelop\" ><\/i><\/a><\/div><\/div>      <\/div>\n    <\/div>\n\n       <\/div>\n    <\/div>\n  \n<div class=\"slider-wrapper relative font-d\" id=\"slider-1116025185\" >\n    <div class=\"slider slider-nav-circle slider-nav-large slider-nav-light slider-style-normal\"\n        data-flickity-options='{\n            \"cellAlign\": \"center\",\n            \"imagesLoaded\": true,\n            \"lazyLoad\": 1,\n            \"freeScroll\": false,\n            \"wrapAround\": true,\n            \"autoPlay\": 6000,\n            \"pauseAutoPlayOnHover\" : true,\n            \"prevNextButtons\": true,\n            \"contain\" : true,\n            \"adaptiveHeight\" : true,\n            \"dragThreshold\" : 10,\n            \"percentPosition\": true,\n            \"pageDots\": true,\n            \"rightToLeft\": false,\n            \"draggable\": true,\n            \"selectedAttraction\": 0.1,\n            \"parallax\" : 0,\n            \"friction\": 0.6        }'\n        >\n        \n\n  <div class=\"banner has-hover bg-zoom bg-zoom\" id=\"banner-469976588\">\n          <div class=\"banner-inner fill\">\n        <div class=\"banner-bg fill\" >\n            <div class=\"bg fill bg-fill \"><\/div>\n                                    \n                    <\/div>\n\t\t\n        <div class=\"banner-layers container\">\n            <div class=\"fill banner-link\"><\/div>            \n   <div id=\"text-box-1609712507\" class=\"text-box banner-layer x5 md-x5 lg-x5 y95 md-y25 lg-y25 res-text\">\n                                <div class=\"text-box-content text box-shadow-1\">\n              \n              <div class=\"text-inner text-left\">\n                  \n<h6>BI LAW FIRM<\/h6>\n<h3 class=\"uppercase\">Dear Valued Clients!!<\/h3>\n              <\/div>\n           <\/div>\n                            \n<style>\n#text-box-1609712507 .text-box-content {\n  background-color: rgba(255, 255, 255, 0.94);\n  font-size: 100%;\n}\n#text-box-1609712507 .text-inner {\n  padding: 30px 30px 30px 30px;\n}\n#text-box-1609712507 {\n  width: 90%;\n}\n@media (min-width:550px) {\n  #text-box-1609712507 {\n    width: 44%;\n  }\n}\n<\/style>\n    <\/div>\n \n        <\/div>\n      <\/div>\n\n            \n<style>\n#banner-469976588 {\n  padding-top: 637px;\n}\n#banner-469976588 .bg.bg-loaded {\n  background-image: url(https:\/\/bilaw.vn\/wp-content\/uploads\/2021\/11\/bilaw-new-07.jpg);\n}\n#banner-469976588 .bg {\n  background-position: 62% 60%;\n}\n#banner-469976588 .ux-shape-divider--top svg {\n  height: 150px;\n  --divider-top-width: 100%;\n}\n#banner-469976588 .ux-shape-divider--bottom svg {\n  height: 150px;\n  --divider-width: 100%;\n}\n<\/style>\n  <\/div>\n\n\n     <\/div>\n\n     <div class=\"loading-spin dark large centered\"><\/div>\n\n     \t<\/div>\n\n\n\t<div id=\"gap-163111864\" class=\"gap-element clearfix\" style=\"display:block; height:auto;\">\n\t\t\n<style>\n#gap-163111864 {\n  padding-top: 30px;\n}\n<\/style>\n\t<\/div>\n\t\n\t<section class=\"section font-d\" id=\"section_595562499\">\n\t\t<div class=\"bg section-bg fill bg-fill  bg-loaded\" >\n\n\t\t\t\n\t\t\t\n\t\t\t\n\n\t\t<\/div>\n\n\t\t\n\n\t\t<div class=\"section-content relative\">\n\t\t\t\n<div class=\"row\"  id=\"row-2129261131\">\n\n\t<div id=\"col-1509469443\" class=\"col small-12 large-12\"  >\n\t\t\t\t<div class=\"col-inner\"  >\n\t\t\t\n\t\t\t\n\t<div id=\"text-2404237059\" class=\"text\">\n\t\t\n<p style=\"text-align: justify;\"><span style=\"color: #000000; font-size: 100%;\"><i class=\"fa fa-check-square\" aria-hidden=\"true\"><\/i> Providing legal solutions for our Valued Clients&#8217; needs demands not only extensive legal knowledge and practical experience, but also the unwavering dedication of a lawyer.<\/span><\/p>\n<p style=\"text-align: justify;\"><span style=\"color: #000000; font-size: 100%;\"><i class=\"fa fa-check-square\" aria-hidden=\"true\"><\/i> Recognizing the importance of legal solutions, Bi Law is committed to serving the business community and individuals with a focus on delivering sustainable value through high-quality and efficient solutions.<\/span><\/p>\n<p style=\"text-align: justify;\"><span style=\"color: #000000; font-size: 100%;\"><i class=\"fa fa-check-square\" aria-hidden=\"true\"><\/i> Bi Law provides a wide range of legal services, including but not limited to consultation and litigation, for both 100% domestically-invested businesses and foreign-invested businesses (FDI) located within and outside of industrial parks. Additionally, Bi Law offers legal services to individuals in Binh Duong and all provinces in various areas of law, including civil law, criminal law, land law, inheritance law, family law, and other legal fields.<\/span><\/p>\n<p style=\"text-align: justify;\"><span style=\"color: #000000; font-size: 100%;\"><i class=\"fa fa-check-square\" aria-hidden=\"true\"><\/i> Bi Law&#8217;s existing and cooperating lawyers possess extensive experience in consulting and litigation, and are proficient in foreign languages. Moreover, they specialize in various areas of law to provide high-quality and effective legal services.<\/span><\/p>\n<p style=\"text-align: justify;\"><span style=\"color: #000000; font-size: 100%;\"><i class=\"fa fa-check-square\" aria-hidden=\"true\"><\/i> Bi Law strives to work with professionalism, dedication, and a service-oriented mindset, in the hopes of collaborating with, supporting, and contributing to the prosperity and development of our clients.<\/span><\/p>\n\t\t\n<style>\n#text-2404237059 {\n  line-height: 2;\n}\n<\/style>\n\t<\/div>\n\t\n\t\t<\/div>\n\t\t\t\t\t<\/div>\n\n\t\n<\/div>\n\t\t<\/div>\n\n\t\t\n<style>\n#section_595562499 {\n  padding-top: 0px;\n  padding-bottom: 0px;\n}\n#section_595562499 .ux-shape-divider--top svg {\n  height: 150px;\n  --divider-top-width: 100%;\n}\n#section_595562499 .ux-shape-divider--bottom svg {\n  height: 150px;\n  --divider-width: 100%;\n}\n<\/style>\n\t<\/section>\n\t\n\t<section class=\"section font-d\" id=\"section_1516038058\">\n\t\t<div class=\"bg section-bg fill bg-fill  bg-loaded\" >\n\n\t\t\t\n\t\t\t\n\t\t\t\n\n\t\t<\/div>\n\n\t\t\n\n\t\t<div class=\"section-content relative\">\n\t\t\t\n<div class=\"container section-title-container\" ><h3 class=\"section-title section-title-normal\"><b><\/b><span class=\"section-title-main\" >The legal services currently provided by Bi Law include:<\/span><b><\/b><\/h3><\/div>\n<div class=\"row\"  id=\"row-1800161231\">\n\n\t<div id=\"col-908026411\" class=\"col medium-6 small-12 large-6\"  >\n\t\t\t\t<div class=\"col-inner\"  >\n\t\t\t\n\t\t\t\n\t<div class=\"ux-menu stack stack-col justify-start ux-menu--divider-solid\">\n\t\t\n\t<div class=\"ux-menu-link flex menu-item\">\n\t\t<a class=\"ux-menu-link__link flex\" href=\"https:\/\/bilaw.vn\/en\/service\/investment-consulting-applying-for-licenses-for-domestic-projects-and-foreign-invested-projects.html\" target=\"_blank\" rel=\"noopener noreferrer\" >\n\t\t\t<i class=\"ux-menu-link__icon text-center icon-angle-right\" ><\/i>\t\t\t<span class=\"ux-menu-link__text\">\n\t\t\t\tInvestment consultating (applying for domestic project licenses and foreign-invested projects)\t\t\t<\/span>\n\t\t<\/a>\n\t<\/div>\n\t\n\t<div class=\"ux-menu-link flex menu-item\">\n\t\t<a class=\"ux-menu-link__link flex\" href=\"https:\/\/bilaw.vn\/?p=1374&amp;lang=en\" target=\"_blank\" rel=\"noopener noreferrer\" >\n\t\t\t<i class=\"ux-menu-link__icon text-center icon-angle-right\" ><\/i>\t\t\t<span class=\"ux-menu-link__text\">\n\t\t\t\tProject transfering\t\t\t<\/span>\n\t\t<\/a>\n\t<\/div>\n\t\n\t<div class=\"ux-menu-link flex menu-item\">\n\t\t<a class=\"ux-menu-link__link flex\" href=\"https:\/\/bilaw.vn\/en\/service\/mergers-and-acquisitions-of-enterprises-transfer-of-contributed-capital-shares-in-the-enterprise.html\" target=\"_blank\" rel=\"noopener noreferrer\" >\n\t\t\t<i class=\"ux-menu-link__icon text-center icon-angle-right\" ><\/i>\t\t\t<span class=\"ux-menu-link__text\">\n\t\t\t\tMergers and acquisitions, share ownership\/stock transfer in enterprises\t\t\t<\/span>\n\t\t<\/a>\n\t<\/div>\n\t\n\t<div class=\"ux-menu-link flex menu-item\">\n\t\t<a class=\"ux-menu-link__link flex\" href=\"https:\/\/bilaw.vn\/en\/service\/consulting-drafting-contracts.html\" target=\"_blank\" rel=\"noopener noreferrer\" >\n\t\t\t<i class=\"ux-menu-link__icon text-center icon-angle-right\" ><\/i>\t\t\t<span class=\"ux-menu-link__text\">\n\t\t\t\tContracts consultation and drafting\t\t\t<\/span>\n\t\t<\/a>\n\t<\/div>\n\t\n\t<div class=\"ux-menu-link flex menu-item\">\n\t\t<a class=\"ux-menu-link__link flex\" href=\"https:\/\/bilaw.vn\/en\/service\/internal-governance-and-commercial-activities-of-the-enterprise.html\" target=\"_blank\" rel=\"noopener noreferrer\" >\n\t\t\t<i class=\"ux-menu-link__icon text-center icon-angle-right\" ><\/i>\t\t\t<span class=\"ux-menu-link__text\">\n\t\t\t\tInternal governance and commercial activities of the enterprise\t\t\t<\/span>\n\t\t<\/a>\n\t<\/div>\n\t\n\t<div class=\"ux-menu-link flex menu-item\">\n\t\t<a class=\"ux-menu-link__link flex\" href=\"https:\/\/bilaw.vn\/en\/service\/regular-legal-advice-for-businesses.html\" target=\"_blank\" rel=\"noopener noreferrer\" >\n\t\t\t<i class=\"ux-menu-link__icon text-center icon-angle-right\" ><\/i>\t\t\t<span class=\"ux-menu-link__text\">\n\t\t\t\tRegular legal advice for businesses\t\t\t<\/span>\n\t\t<\/a>\n\t<\/div>\n\t\n\t<div class=\"ux-menu-link flex menu-item\">\n\t\t<a class=\"ux-menu-link__link flex\" href=\"https:\/\/bilaw.vn\/en\/service\/intellectual-property.html\" target=\"_blank\" rel=\"noopener noreferrer\" >\n\t\t\t<i class=\"ux-menu-link__icon text-center icon-angle-right\" ><\/i>\t\t\t<span class=\"ux-menu-link__text\">\n\t\t\t\tIntellectual property\t\t\t<\/span>\n\t\t<\/a>\n\t<\/div>\n\t\n\t<\/div>\n\t\n\t\t<\/div>\n\t\t\t\t\t<\/div>\n\n\t\n\n\t<div id=\"col-1952782158\" class=\"col medium-6 small-12 large-6\"  >\n\t\t\t\t<div class=\"col-inner\"  >\n\t\t\t\n\t\t\t\n\t<div class=\"ux-menu stack stack-col justify-start ux-menu--divider-solid\">\n\t\t\n\t<div class=\"ux-menu-link flex menu-item\">\n\t\t<a class=\"ux-menu-link__link flex\" href=\"https:\/\/bilaw.vn\/en\/service\/labor-law.html\" target=\"_blank\" rel=\"noopener noreferrer\" >\n\t\t\t<i class=\"ux-menu-link__icon text-center icon-angle-right\" ><\/i>\t\t\t<span class=\"ux-menu-link__text\">\n\t\t\t\tLabor law\t\t\t<\/span>\n\t\t<\/a>\n\t<\/div>\n\t\n\t<div class=\"ux-menu-link flex menu-item\">\n\t\t<a class=\"ux-menu-link__link flex\" href=\"https:\/\/bilaw.vn\/en\/service\/financial-banking-law-tax-law.html\" target=\"_blank\" rel=\"noopener noreferrer\" >\n\t\t\t<i class=\"ux-menu-link__icon text-center icon-angle-right\" ><\/i>\t\t\t<span class=\"ux-menu-link__text\">\n\t\t\t\tFinancial banking law, tax law\t\t\t<\/span>\n\t\t<\/a>\n\t<\/div>\n\t\n\t<div class=\"ux-menu-link flex menu-item\">\n\t\t<a class=\"ux-menu-link__link flex\" href=\"https:\/\/bilaw.vn\/en\/service\/inheritance.html\" target=\"_blank\" rel=\"noopener noreferrer\" >\n\t\t\t<i class=\"ux-menu-link__icon text-center icon-angle-right\" ><\/i>\t\t\t<span class=\"ux-menu-link__text\">\n\t\t\t\tInheritance\t\t\t<\/span>\n\t\t<\/a>\n\t<\/div>\n\t\n\t<div class=\"ux-menu-link flex menu-item\">\n\t\t<a class=\"ux-menu-link__link flex\" href=\"https:\/\/bilaw.vn\/en\/service\/law-on-land-real-estate-and-construction.html\" target=\"_blank\" rel=\"noopener noreferrer\" >\n\t\t\t<i class=\"ux-menu-link__icon text-center icon-angle-right\" ><\/i>\t\t\t<span class=\"ux-menu-link__text\">\n\t\t\t\tLaw on land, real estate and construction\t\t\t<\/span>\n\t\t<\/a>\n\t<\/div>\n\t\n\t<div class=\"ux-menu-link flex menu-item\">\n\t\t<a class=\"ux-menu-link__link flex\" href=\"https:\/\/bilaw.vn\/en\/service\/marriage-and-family-law.html\" target=\"_blank\" rel=\"noopener noreferrer\" >\n\t\t\t<i class=\"ux-menu-link__icon text-center icon-angle-right\" ><\/i>\t\t\t<span class=\"ux-menu-link__text\">\n\t\t\t\tMarriage and family Law\t\t\t<\/span>\n\t\t<\/a>\n\t<\/div>\n\t\n\t<div class=\"ux-menu-link flex menu-item\">\n\t\t<a class=\"ux-menu-link__link flex\" href=\"https:\/\/bilaw.vn\/en\/service\/litigation-in-courts-and-commercial-arbitrations.html\" target=\"_blank\" rel=\"noopener noreferrer\" >\n\t\t\t<i class=\"ux-menu-link__icon text-center icon-angle-right\" ><\/i>\t\t\t<span class=\"ux-menu-link__text\">\n\t\t\t\tLitigation in courts and commercial arbitrations\t\t\t<\/span>\n\t\t<\/a>\n\t<\/div>\n\t\n\t<div class=\"ux-menu-link flex menu-item\">\n\t\t<a class=\"ux-menu-link__link flex\" href=\"https:\/\/bilaw.vn\/en\/service\/other-related-legal-services.html\" target=\"_blank\" rel=\"noopener noreferrer\" >\n\t\t\t<i class=\"ux-menu-link__icon text-center icon-angle-right\" ><\/i>\t\t\t<span class=\"ux-menu-link__text\">\n\t\t\t\tOther related legal services\t\t\t<\/span>\n\t\t<\/a>\n\t<\/div>\n\t\n\t<\/div>\n\t\n\t\t<\/div>\n\t\t\t\t\t<\/div>\n\n\t\n<\/div>\n\t\t<\/div>\n\n\t\t\n<style>\n#section_1516038058 {\n  padding-top: 0px;\n  padding-bottom: 0px;\n}\n#section_1516038058 .ux-shape-divider--top svg {\n  height: 150px;\n  --divider-top-width: 100%;\n}\n#section_1516038058 .ux-shape-divider--bottom svg {\n  height: 150px;\n  --divider-width: 100%;\n}\n<\/style>\n\t<\/section>\n\t\n","protected":false},"excerpt":{"rendered":"","protected":false},"author":3,"featured_media":0,"parent":0,"menu_order":0,"comment_status":"closed","ping_status":"closed","template":"page-blank.php","meta":{"footnotes":""},"class_list":["post-1381","page","type-page","status-publish","hentry"],"yoast_head":"<!-- This site is optimized with the Yoast SEO Premium plugin v18.2.1 (Yoast SEO v24.6) - https:\/\/yoast.com\/wordpress\/plugins\/seo\/ -->\n<title>ABOUT US - C\u00d4NG TY LU\u1eacT TNHH BI LAW<\/title>\n<meta name=\"robots\" content=\"index, follow, max-snippet:-1, max-image-preview:large, max-video-preview:-1\" \/>\n<link rel=\"canonical\" href=\"https:\/\/bilaw.vn\/?page_id=1381&lang=en\" \/>\n<meta property=\"og:locale\" content=\"vi_VN\" \/>\n<meta property=\"og:type\" content=\"article\" \/>\n<meta property=\"og:title\" content=\"ABOUT US\" \/>\n<meta property=\"og:url\" content=\"https:\/\/bilaw.vn\/?page_id=1381&amp;lang=en\" \/>\n<meta property=\"og:site_name\" content=\"C\u00d4NG TY LU\u1eacT TNHH BI LAW\" \/>\n<meta property=\"article:modified_time\" content=\"2023-06-09T10:21:17+00:00\" \/>\n<meta name=\"twitter:card\" content=\"summary_large_image\" \/>\n<meta name=\"twitter:label1\" content=\"\u01af\u1edbc t\u00ednh th\u1eddi gian \u0111\u1ecdc\" \/>\n\t<meta name=\"twitter:data1\" content=\"2 ph\u00fat\" \/>\n<script type=\"application\/ld+json\" class=\"yoast-schema-graph\">{\"@context\":\"https:\/\/schema.org\",\"@graph\":[{\"@type\":\"WebPage\",\"@id\":\"https:\/\/bilaw.vn\/?page_id=1381&lang=en\",\"url\":\"https:\/\/bilaw.vn\/?page_id=1381&lang=en\",\"name\":\"ABOUT US - C\u00d4NG TY LU\u1eacT TNHH BI LAW\",\"isPartOf\":{\"@id\":\"https:\/\/bilaw.vn\/#website\"},\"datePublished\":\"2023-05-19T00:40:04+00:00\",\"dateModified\":\"2023-06-09T10:21:17+00:00\",\"breadcrumb\":{\"@id\":\"https:\/\/bilaw.vn\/?page_id=1381&lang=en#breadcrumb\"},\"inLanguage\":\"vi\",\"potentialAction\":[{\"@type\":\"ReadAction\",\"target\":[\"https:\/\/bilaw.vn\/?page_id=1381&lang=en\"]}]},{\"@type\":\"BreadcrumbList\",\"@id\":\"https:\/\/bilaw.vn\/?page_id=1381&lang=en#breadcrumb\",\"itemListElement\":[{\"@type\":\"ListItem\",\"position\":1,\"name\":\"Trang ch\u1ee7\",\"item\":\"https:\/\/bilaw.vn\/\"},{\"@type\":\"ListItem\",\"position\":2,\"name\":\"ABOUT US\"}]},{\"@type\":\"WebSite\",\"@id\":\"https:\/\/bilaw.vn\/#website\",\"url\":\"https:\/\/bilaw.vn\/\",\"name\":\"C\u00d4NG TY LU\u1eacT TNHH BI LAW\",\"description\":\"T\u01b0 v\u1ea5n \u0111\u1ea7u t\u01b0, Doanh nghi\u1ec7p, H\u1ee3p \u0111\u1ed3ng, Tranh t\u1ee5ng v\u00e0 c\u00e1c l\u0129nh v\u1ef1c ph\u00e1p l\u00fd kh\u00e1c\",\"potentialAction\":[{\"@type\":\"SearchAction\",\"target\":{\"@type\":\"EntryPoint\",\"urlTemplate\":\"https:\/\/bilaw.vn\/?s={search_term_string}\"},\"query-input\":{\"@type\":\"PropertyValueSpecification\",\"valueRequired\":true,\"valueName\":\"search_term_string\"}}],\"inLanguage\":\"vi\"}]}<\/script>\n<!-- \/ Yoast SEO Premium plugin. -->","yoast_head_json":{"title":"ABOUT US - C\u00d4NG TY LU\u1eacT TNHH BI LAW","robots":{"index":"index","follow":"follow","max-snippet":"max-snippet:-1","max-image-preview":"max-image-preview:large","max-video-preview":"max-video-preview:-1"},"canonical":"https:\/\/bilaw.vn\/?page_id=1381&lang=en","og_locale":"vi_VN","og_type":"article","og_title":"ABOUT US","og_url":"https:\/\/bilaw.vn\/?page_id=1381&lang=en","og_site_name":"C\u00d4NG TY LU\u1eacT TNHH BI LAW","article_modified_time":"2023-06-09T10:21:17+00:00","twitter_card":"summary_large_image","twitter_misc":{"\u01af\u1edbc t\u00ednh th\u1eddi gian \u0111\u1ecdc":"2 ph\u00fat"},"schema":{"@context":"https:\/\/schema.org","@graph":[{"@type":"WebPage","@id":"https:\/\/bilaw.vn\/?page_id=1381&lang=en","url":"https:\/\/bilaw.vn\/?page_id=1381&lang=en","name":"ABOUT US - C\u00d4NG TY LU\u1eacT TNHH BI LAW","isPartOf":{"@id":"https:\/\/bilaw.vn\/#website"},"datePublished":"2023-05-19T00:40:04+00:00","dateModified":"2023-06-09T10:21:17+00:00","breadcrumb":{"@id":"https:\/\/bilaw.vn\/?page_id=1381&lang=en#breadcrumb"},"inLanguage":"vi","potentialAction":[{"@type":"ReadAction","target":["https:\/\/bilaw.vn\/?page_id=1381&lang=en"]}]},{"@type":"BreadcrumbList","@id":"https:\/\/bilaw.vn\/?page_id=1381&lang=en#breadcrumb","itemListElement":[{"@type":"ListItem","position":1,"name":"Trang ch\u1ee7","item":"https:\/\/bilaw.vn\/"},{"@type":"ListItem","position":2,"name":"ABOUT US"}]},{"@type":"WebSite","@id":"https:\/\/bilaw.vn\/#website","url":"https:\/\/bilaw.vn\/","name":"C\u00d4NG TY LU\u1eacT TNHH BI LAW","description":"T\u01b0 v\u1ea5n \u0111\u1ea7u t\u01b0, Doanh nghi\u1ec7p, H\u1ee3p \u0111\u1ed3ng, Tranh t\u1ee5ng v\u00e0 c\u00e1c l\u0129nh v\u1ef1c ph\u00e1p l\u00fd kh\u00e1c","potentialAction":[{"@type":"SearchAction","target":{"@type":"EntryPoint","urlTemplate":"https:\/\/bilaw.vn\/?s={search_term_string}"},"query-input":{"@type":"PropertyValueSpecification","valueRequired":true,"valueName":"search_term_string"}}],"inLanguage":"vi"}]}},"lang":"en","translations":{"en":1381,"vi":513,"ko":1543,"zh":1545,"ja":1836},"pll_sync_post":[],"_links":{"self":[{"href":"https:\/\/bilaw.vn\/index.php?rest_route=\/wp\/v2\/pages\/1381","targetHints":{"allow":["GET"]}}],"collection":[{"href":"https:\/\/bilaw.vn\/index.php?rest_route=\/wp\/v2\/pages"}],"about":[{"href":"https:\/\/bilaw.vn\/index.php?rest_route=\/wp\/v2\/types\/page"}],"author":[{"embeddable":true,"href":"https:\/\/bilaw.vn\/index.php?rest_route=\/wp\/v2\/users\/3"}],"replies":[{"embeddable":true,"href":"https:\/\/bilaw.vn\/index.php?rest_route=%2Fwp%2Fv2%2Fcomments&post=1381"}],"version-history":[{"count":13,"href":"https:\/\/bilaw.vn\/index.php?rest_route=\/wp\/v2\/pages\/1381\/revisions"}],"predecessor-version":[{"id":1871,"href":"https:\/\/bilaw.vn\/index.php?rest_route=\/wp\/v2\/pages\/1381\/revisions\/1871"}],"wp:attachment":[{"href":"https:\/\/bilaw.vn\/index.php?rest_route=%2Fwp%2Fv2%2Fmedia&parent=1381"}],"curies":[{"name":"wp","href":"https:\/\/api.w.org\/{rel}","templated":true}]}}