{"id":1534,"date":"2023-05-22T10:57:27","date_gmt":"2023-05-22T03:57:27","guid":{"rendered":"https:\/\/bilaw.vn\/?page_id=1534"},"modified":"2023-06-09T12:58:30","modified_gmt":"2023-06-09T05:58:30","slug":"%ec%a0%91%ec%b4%89","status":"publish","type":"page","link":"https:\/\/bilaw.vn\/?page_id=1534&lang=ko","title":{"rendered":"\uc811\ucd09"},"content":{"rendered":"\t<section class=\"section\" id=\"section_788686590\">\n\t\t<div class=\"bg section-bg fill bg-fill  bg-loaded\" >\n\n\t\t\t\n\t\t\t\n\t\t\t\n\n\t\t<\/div>\n\n\t\t\n\n\t\t<div class=\"section-content relative\">\n\t\t\t\n<div class=\"row\"  id=\"row-1480803350\">\n\n\t<div id=\"col-1734350179\" class=\"col small-12 large-12\"  >\n\t\t\t\t<div class=\"col-inner\"  >\n\t\t\t\n\t\t\t\n\t<div id=\"text-2010846840\" class=\"text mh-title-section\">\n\t\t\n<h3>\uc811\ucd09<\/h3>\n\t\t\n<style>\n#text-2010846840 {\n  text-align: center;\n}\n<\/style>\n\t<\/div>\n\t\n\t\t<\/div>\n\t\t\t\t\t<\/div>\n\n\t\n<\/div>\n<div class=\"row align-center\"  id=\"row-1021380571\">\n\n\t<div id=\"col-1448438825\" class=\"col mh-col-contact medium-12 small-12 large-6\"  >\n\t\t\t\t<div class=\"col-inner\"  >\n\t\t\t\n\t\t\t\n<h2>\ubc14\uc774 \ubc95\ub960 \uc0ac\ubb34\uc18c<\/h2>\n<ul>\n<li><i class=\"fal fa-map-marker-alt\"><\/i>\u0110\u1ecba ch\u1ec9: S\u1ed1 15 &#8211; 17 Ho\u00e0ng V\u0103n Th\u1ee5, KDC Ch\u00e1nh Ngh\u0129a, Ch\u00e1nh Ngh\u0129a, Th\u1ee7 D\u1ea7u M\u1ed9t, B\u00ecnh D\u01b0\u01a1ng.<\/li>\n<li><i class=\"fal fa-phone-alt\"><\/i>\u0110i\u1ec7n tho\u1ea1i: 0918 06 04 86<\/li>\n<li><i class=\"fal fa-envelope-open\"><\/i>Email: info@bilaw.vn<\/li>\n<li><i class=\"fal fa-globe-europe\"><\/i>Website: www.bilaw.vn<\/li>\n<\/ul>\n<div class=\"social-icons follow-icons full-width text-center\" ><span>Chia s\u1ebb:<\/span><a href=\"https:\/\/fb.com\/luatsutruongquochung\" target=\"_blank\" data-label=\"Facebook\" rel=\"noopener noreferrer nofollow\" class=\"icon primary button circle facebook tooltip\" title=\"Follow on Facebook\" aria-label=\"Follow on Facebook\"><i class=\"icon-facebook\" ><\/i><\/a><a href=\"#\" target=\"_blank\" rel=\"noopener noreferrer nofollow\" data-label=\"Instagram\" class=\"icon primary button circle  instagram tooltip\" title=\"Follow on Instagram\" aria-label=\"Follow on Instagram\"><i class=\"icon-instagram\" ><\/i><\/a><a href=\"mailto:info@bilaw.vn\" data-label=\"E-mail\" rel=\"nofollow\" class=\"icon primary button circle  email tooltip\" title=\"Send us an email\" aria-label=\"Send us an email\"><i class=\"icon-envelop\" ><\/i><\/a><a href=\"tel:0919060486\" target=\"_blank\" data-label=\"Phone\" rel=\"noopener noreferrer nofollow\" class=\"icon primary button circle  phone tooltip\" title=\"Call us\" aria-label=\"Call us\"><i class=\"icon-phone\" ><\/i><\/a><a href=\"#\" target=\"_blank\" rel=\"noopener noreferrer nofollow\" data-label=\"YouTube\" class=\"icon primary button circle  youtube tooltip\" title=\"Follow on YouTube\" aria-label=\"Follow on YouTube\"><i class=\"icon-youtube\" ><\/i><\/a><\/div>\n\t\t<\/div>\n\t\t\t\t\t<\/div>\n\n\t\n\n\t<div id=\"col-1222728345\" class=\"col mh-col-contact medium-12 small-12 large-6\"  >\n\t\t\t\t<div class=\"col-inner\"  >\n\t\t\t\n\t\t\t\n<p><iframe loading=\"lazy\" style=\"border: 0;\" src=\"https:\/\/www.google.com\/maps\/embed?pb=!1m18!1m12!1m3!1d489.6026934344761!2d106.66464706874048!3d10.97683860000003!2m3!1f0!2f0!3f0!3m2!1i1024!2i768!4f13.1!3m3!1m2!1s0x3174d125541eb3a1%3A0x2d418acbb568f1f8!2zMTUgxJDGsOG7nW5nIEhvw6BuZyBWxINuIFRo4bulLCBDaMOhbmggTmdoxKlhLCBUaOG7pyBE4bqndSBN4buZdCwgQsOsbmggRMawxqFuZywgVmlldG5hbQ!5e0!3m2!1sen!2s!4v1680255731687!5m2!1sen!2s\" width=\"100%\" height=\"450\" allowfullscreen=\"allowfullscreen\"><\/iframe><\/p>\n\t\t<\/div>\n\t\t\t\t\t<\/div>\n\n\t\n\n\t<div id=\"col-984425122\" class=\"col mh-col-contact medium-12 small-12 large-12\"  >\n\t\t\t\t<div class=\"col-inner\" style=\"background-color:rgb(246, 246, 246);\" >\n\t\t\t\n\t\t\t\n\n<div class=\"wpcf7 no-js\" id=\"wpcf7-f91-o1\" lang=\"en-US\" dir=\"ltr\" data-wpcf7-id=\"91\">\n<div class=\"screen-reader-response\"><p role=\"status\" aria-live=\"polite\" aria-atomic=\"true\"><\/p> <ul><\/ul><\/div>\n<form action=\"\/index.php?rest_route=%2Fwp%2Fv2%2Fpages%2F1534#wpcf7-f91-o1\" method=\"post\" class=\"wpcf7-form init\" aria-label=\"Contact form\" novalidate=\"novalidate\" data-status=\"init\">\n<div style=\"display: none;\">\n<input type=\"hidden\" name=\"_wpcf7\" value=\"91\" \/>\n<input type=\"hidden\" name=\"_wpcf7_version\" value=\"6.0.5\" \/>\n<input type=\"hidden\" name=\"_wpcf7_locale\" value=\"en_US\" \/>\n<input type=\"hidden\" name=\"_wpcf7_unit_tag\" value=\"wpcf7-f91-o1\" \/>\n<input type=\"hidden\" name=\"_wpcf7_container_post\" value=\"0\" \/>\n<input type=\"hidden\" name=\"_wpcf7_posted_data_hash\" value=\"\" \/>\n<\/div>\n<div class=\"row row-normal\">\n\t<div class=\"col medium-6 small-12 large-6 pb-0\">\n\t\t<div class=\"col-inner\">\n\t\t\t<p><label><span>H\u1ecd v\u00e0 t\u00ean (*)<\/span><span class=\"wpcf7-form-control-wrap\" data-name=\"text-188\"><input size=\"40\" maxlength=\"400\" class=\"wpcf7-form-control wpcf7-text wpcf7-validates-as-required\" aria-required=\"true\" aria-invalid=\"false\" placeholder=\"Vui l\u00f2ng nh\u1eadp h\u1ecd t\u00ean li\u00ean l\u1ea1c\" value=\"\" type=\"text\" name=\"text-188\" \/><\/span><\/label><br \/>\n<label><span>Email (*)<\/span><span class=\"wpcf7-form-control-wrap\" data-name=\"email-915\"><input size=\"40\" maxlength=\"400\" class=\"wpcf7-form-control wpcf7-email wpcf7-validates-as-required wpcf7-text wpcf7-validates-as-email\" aria-required=\"true\" aria-invalid=\"false\" placeholder=\"\u0110\u1ecba ch\u1ec9 Email\" value=\"\" type=\"email\" name=\"email-915\" \/><\/span><\/label><br \/>\n<label><span>\u0110i\u1ec7n tho\u1ea1i (*)<\/span><span class=\"wpcf7-form-control-wrap\" data-name=\"tel-660\"><input size=\"40\" maxlength=\"400\" class=\"wpcf7-form-control wpcf7-tel wpcf7-validates-as-required wpcf7-text wpcf7-validates-as-tel\" aria-required=\"true\" aria-invalid=\"false\" placeholder=\"S\u1ed1 \u0111i\u1ec7n tho\u1ea1i\" value=\"\" type=\"tel\" name=\"tel-660\" \/><\/span><\/label><br \/>\n<label><span>\u0110\u1ecba ch\u1ec9 (*)<\/span><span class=\"wpcf7-form-control-wrap\" data-name=\"text-180\"><input size=\"40\" maxlength=\"400\" class=\"wpcf7-form-control wpcf7-text wpcf7-validates-as-required\" aria-required=\"true\" aria-invalid=\"false\" placeholder=\"\u0110\u1ecba ch\u1ec9\" value=\"\" type=\"text\" name=\"text-180\" \/><\/span><\/label>\n\t\t\t<\/p>\n\t\t<\/div>\n\t<\/div>\n\t<div class=\"col medium-6 small-12 large-6 pb-0\">\n\t\t<div class=\"col-inner\">\n\t\t\t<p><label><span>Ti\u00eau \u0111\u1ec1<\/span><span class=\"wpcf7-form-control-wrap\" data-name=\"text-181\"><input size=\"40\" maxlength=\"400\" class=\"wpcf7-form-control wpcf7-text wpcf7-validates-as-required\" aria-required=\"true\" aria-invalid=\"false\" placeholder=\"Ti\u00eau \u0111\u1ec1\" value=\"\" type=\"text\" name=\"text-181\" \/><\/span><\/label><br \/>\n<label><span>L\u1eddi nh\u1eafn<\/span><span class=\"wpcf7-form-control-wrap\" data-name=\"textarea-811\"><textarea cols=\"40\" rows=\"10\" maxlength=\"2000\" class=\"wpcf7-form-control wpcf7-textarea wpcf7-validates-as-required\" aria-required=\"true\" aria-invalid=\"false\" placeholder=\"L\u1eddi nh\u1eafn\" name=\"textarea-811\"><\/textarea><\/span><\/label><br \/>\n<label><input class=\"wpcf7-form-control wpcf7-submit has-spinner\" type=\"submit\" value=\"G\u1eedi li\u00ean h\u1ec7\" \/><\/label>\n\t\t\t<\/p>\n\t\t<\/div>\n\t<\/div>\n<\/div><div class=\"wpcf7-response-output\" aria-hidden=\"true\"><\/div>\n<\/form>\n<\/div>\n\n\t\t<\/div>\n\t\t\t\t\n<style>\n#col-984425122 > .col-inner {\n  padding: 20px 20px 20px 20px;\n}\n@media (min-width:550px) {\n  #col-984425122 > .col-inner {\n    padding: 25px 25px 25px 25px;\n  }\n}\n<\/style>\n\t<\/div>\n\n\t\n<\/div>\n\t\t<\/div>\n\n\t\t\n<style>\n#section_788686590 {\n  padding-top: 40px;\n  padding-bottom: 40px;\n}\n#section_788686590 .ux-shape-divider--top svg {\n  height: 150px;\n  --divider-top-width: 100%;\n}\n#section_788686590 .ux-shape-divider--bottom svg {\n  height: 150px;\n  --divider-width: 100%;\n}\n<\/style>\n\t<\/section>\n\t\n","protected":false},"excerpt":{"rendered":"","protected":false},"author":3,"featured_media":514,"parent":0,"menu_order":0,"comment_status":"closed","ping_status":"closed","template":"page-blank.php","meta":{"footnotes":""},"class_list":["post-1534","page","type-page","status-publish","has-post-thumbnail","hentry"],"yoast_head":"<!-- This site is optimized with the Yoast SEO Premium plugin v18.2.1 (Yoast SEO v24.6) - https:\/\/yoast.com\/wordpress\/plugins\/seo\/ -->\n<title>\uc811\ucd09 - C\u00d4NG TY LU\u1eacT TNHH BI LAW<\/title>\n<meta name=\"robots\" content=\"index, follow, max-snippet:-1, max-image-preview:large, max-video-preview:-1\" \/>\n<link rel=\"canonical\" href=\"https:\/\/bilaw.vn\/?page_id=1534&lang=ko\" \/>\n<meta property=\"og:locale\" content=\"vi_VN\" \/>\n<meta property=\"og:type\" content=\"article\" \/>\n<meta property=\"og:title\" content=\"\uc811\ucd09\" \/>\n<meta property=\"og:url\" content=\"https:\/\/bilaw.vn\/?page_id=1534&amp;lang=ko\" \/>\n<meta property=\"og:site_name\" content=\"C\u00d4NG TY LU\u1eacT TNHH BI LAW\" \/>\n<meta property=\"article:modified_time\" content=\"2023-06-09T05:58:30+00:00\" \/>\n<meta name=\"twitter:card\" content=\"summary_large_image\" \/>\n<meta name=\"twitter:label1\" content=\"\u01af\u1edbc t\u00ednh th\u1eddi gian \u0111\u1ecdc\" \/>\n\t<meta name=\"twitter:data1\" content=\"1 ph\u00fat\" \/>\n<script type=\"application\/ld+json\" class=\"yoast-schema-graph\">{\"@context\":\"https:\/\/schema.org\",\"@graph\":[{\"@type\":\"WebPage\",\"@id\":\"https:\/\/bilaw.vn\/?page_id=1534&lang=ko\",\"url\":\"https:\/\/bilaw.vn\/?page_id=1534&lang=ko\",\"name\":\"\uc811\ucd09 - C\u00d4NG TY LU\u1eacT TNHH BI LAW\",\"isPartOf\":{\"@id\":\"https:\/\/bilaw.vn\/#website\"},\"primaryImageOfPage\":{\"@id\":\"https:\/\/bilaw.vn\/?page_id=1534&lang=ko#primaryimage\"},\"image\":{\"@id\":\"https:\/\/bilaw.vn\/?page_id=1534&lang=ko#primaryimage\"},\"thumbnailUrl\":\"\",\"datePublished\":\"2023-05-22T03:57:27+00:00\",\"dateModified\":\"2023-06-09T05:58:30+00:00\",\"breadcrumb\":{\"@id\":\"https:\/\/bilaw.vn\/?page_id=1534&lang=ko#breadcrumb\"},\"inLanguage\":\"vi\",\"potentialAction\":[{\"@type\":\"ReadAction\",\"target\":[\"https:\/\/bilaw.vn\/?page_id=1534&lang=ko\"]}]},{\"@type\":\"ImageObject\",\"inLanguage\":\"vi\",\"@id\":\"https:\/\/bilaw.vn\/?page_id=1534&lang=ko#primaryimage\",\"url\":\"\",\"contentUrl\":\"\"},{\"@type\":\"BreadcrumbList\",\"@id\":\"https:\/\/bilaw.vn\/?page_id=1534&lang=ko#breadcrumb\",\"itemListElement\":[{\"@type\":\"ListItem\",\"position\":1,\"name\":\"Trang ch\u1ee7\",\"item\":\"https:\/\/bilaw.vn\/\"},{\"@type\":\"ListItem\",\"position\":2,\"name\":\"\uc811\ucd09\"}]},{\"@type\":\"WebSite\",\"@id\":\"https:\/\/bilaw.vn\/#website\",\"url\":\"https:\/\/bilaw.vn\/\",\"name\":\"C\u00d4NG TY LU\u1eacT TNHH BI LAW\",\"description\":\"T\u01b0 v\u1ea5n \u0111\u1ea7u t\u01b0, Doanh nghi\u1ec7p, H\u1ee3p \u0111\u1ed3ng, Tranh t\u1ee5ng v\u00e0 c\u00e1c l\u0129nh v\u1ef1c ph\u00e1p l\u00fd kh\u00e1c\",\"potentialAction\":[{\"@type\":\"SearchAction\",\"target\":{\"@type\":\"EntryPoint\",\"urlTemplate\":\"https:\/\/bilaw.vn\/?s={search_term_string}\"},\"query-input\":{\"@type\":\"PropertyValueSpecification\",\"valueRequired\":true,\"valueName\":\"search_term_string\"}}],\"inLanguage\":\"vi\"}]}<\/script>\n<!-- \/ Yoast SEO Premium plugin. -->","yoast_head_json":{"title":"\uc811\ucd09 - C\u00d4NG TY LU\u1eacT TNHH BI LAW","robots":{"index":"index","follow":"follow","max-snippet":"max-snippet:-1","max-image-preview":"max-image-preview:large","max-video-preview":"max-video-preview:-1"},"canonical":"https:\/\/bilaw.vn\/?page_id=1534&lang=ko","og_locale":"vi_VN","og_type":"article","og_title":"\uc811\ucd09","og_url":"https:\/\/bilaw.vn\/?page_id=1534&lang=ko","og_site_name":"C\u00d4NG TY LU\u1eacT TNHH BI LAW","article_modified_time":"2023-06-09T05:58:30+00:00","twitter_card":"summary_large_image","twitter_misc":{"\u01af\u1edbc t\u00ednh th\u1eddi gian \u0111\u1ecdc":"1 ph\u00fat"},"schema":{"@context":"https:\/\/schema.org","@graph":[{"@type":"WebPage","@id":"https:\/\/bilaw.vn\/?page_id=1534&lang=ko","url":"https:\/\/bilaw.vn\/?page_id=1534&lang=ko","name":"\uc811\ucd09 - C\u00d4NG TY LU\u1eacT TNHH BI LAW","isPartOf":{"@id":"https:\/\/bilaw.vn\/#website"},"primaryImageOfPage":{"@id":"https:\/\/bilaw.vn\/?page_id=1534&lang=ko#primaryimage"},"image":{"@id":"https:\/\/bilaw.vn\/?page_id=1534&lang=ko#primaryimage"},"thumbnailUrl":"","datePublished":"2023-05-22T03:57:27+00:00","dateModified":"2023-06-09T05:58:30+00:00","breadcrumb":{"@id":"https:\/\/bilaw.vn\/?page_id=1534&lang=ko#breadcrumb"},"inLanguage":"vi","potentialAction":[{"@type":"ReadAction","target":["https:\/\/bilaw.vn\/?page_id=1534&lang=ko"]}]},{"@type":"ImageObject","inLanguage":"vi","@id":"https:\/\/bilaw.vn\/?page_id=1534&lang=ko#primaryimage","url":"","contentUrl":""},{"@type":"BreadcrumbList","@id":"https:\/\/bilaw.vn\/?page_id=1534&lang=ko#breadcrumb","itemListElement":[{"@type":"ListItem","position":1,"name":"Trang ch\u1ee7","item":"https:\/\/bilaw.vn\/"},{"@type":"ListItem","position":2,"name":"\uc811\ucd09"}]},{"@type":"WebSite","@id":"https:\/\/bilaw.vn\/#website","url":"https:\/\/bilaw.vn\/","name":"C\u00d4NG TY LU\u1eacT TNHH BI LAW","description":"T\u01b0 v\u1ea5n \u0111\u1ea7u t\u01b0, Doanh nghi\u1ec7p, H\u1ee3p \u0111\u1ed3ng, Tranh t\u1ee5ng v\u00e0 c\u00e1c l\u0129nh v\u1ef1c ph\u00e1p l\u00fd kh\u00e1c","potentialAction":[{"@type":"SearchAction","target":{"@type":"EntryPoint","urlTemplate":"https:\/\/bilaw.vn\/?s={search_term_string}"},"query-input":{"@type":"PropertyValueSpecification","valueRequired":true,"valueName":"search_term_string"}}],"inLanguage":"vi"}]}},"lang":"ko","translations":{"ko":1534,"en":1385,"vi":93,"zh":1536,"ja":1844},"pll_sync_post":[],"_links":{"self":[{"href":"https:\/\/bilaw.vn\/index.php?rest_route=\/wp\/v2\/pages\/1534","targetHints":{"allow":["GET"]}}],"collection":[{"href":"https:\/\/bilaw.vn\/index.php?rest_route=\/wp\/v2\/pages"}],"about":[{"href":"https:\/\/bilaw.vn\/index.php?rest_route=\/wp\/v2\/types\/page"}],"author":[{"embeddable":true,"href":"https:\/\/bilaw.vn\/index.php?rest_route=\/wp\/v2\/users\/3"}],"replies":[{"embeddable":true,"href":"https:\/\/bilaw.vn\/index.php?rest_route=%2Fwp%2Fv2%2Fcomments&post=1534"}],"version-history":[{"count":4,"href":"https:\/\/bilaw.vn\/index.php?rest_route=\/wp\/v2\/pages\/1534\/revisions"}],"predecessor-version":[{"id":1865,"href":"https:\/\/bilaw.vn\/index.php?rest_route=\/wp\/v2\/pages\/1534\/revisions\/1865"}],"wp:featuredmedia":[{"embeddable":true,"href":"https:\/\/bilaw.vn\/index.php?rest_route=\/"}],"wp:attachment":[{"href":"https:\/\/bilaw.vn\/index.php?rest_route=%2Fwp%2Fv2%2Fmedia&parent=1534"}],"curies":[{"name":"wp","href":"https:\/\/api.w.org\/{rel}","templated":true}]}}