{"id":1545,"date":"2023-05-22T11:01:26","date_gmt":"2023-05-22T04:01:26","guid":{"rendered":"https:\/\/bilaw.vn\/?page_id=1545"},"modified":"2023-06-09T10:52:35","modified_gmt":"2023-06-09T03:52:35","slug":"%e7%ae%80%e4%bb%8b","status":"publish","type":"page","link":"https:\/\/bilaw.vn\/?page_id=1545&lang=zh","title":{"rendered":"\u7b80\u4ecb"},"content":{"rendered":"  <div id=\"page-header-1940972913\" class=\"page-header-wrapper\">\n  <div class=\"page-title dark featured-title\">\n\n    \n    <div class=\"page-title-inner container align-center text-center flex-row-col medium-flex-wrap\" >\n              <div class=\"title-wrapper flex-col\">\n          <h1 class=\"entry-title mb-0\">\n            \u7b80\u4ecb          <\/h1>\n        <\/div>\n                    <div class=\"title-content flex-col\">\n        <div class=\"title-share pt-half pb-half\"><div class=\"social-icons share-icons share-row relative\" ><a href=\"https:\/\/www.facebook.com\/sharer.php?u=https:\/\/bilaw.vn\/?page_id=1545&lang=zh\" data-label=\"Facebook\" onclick=\"window.open(this.href,this.title,'width=500,height=500,top=300px,left=300px');  return false;\" rel=\"noopener noreferrer nofollow\" target=\"_blank\" class=\"icon primary button circle tooltip facebook\" title=\"Share on Facebook\" aria-label=\"Share on Facebook\"><i class=\"icon-facebook\" ><\/i><\/a><a href=\"https:\/\/twitter.com\/share?url=https:\/\/bilaw.vn\/?page_id=1545&lang=zh\" onclick=\"window.open(this.href,this.title,'width=500,height=500,top=300px,left=300px');  return false;\" rel=\"noopener noreferrer nofollow\" target=\"_blank\" class=\"icon primary button circle tooltip twitter\" title=\"Share on Twitter\" aria-label=\"Share on Twitter\"><i class=\"icon-twitter\" ><\/i><\/a><a href=\"mailto:enteryour@addresshere.com?subject=%E7%AE%80%E4%BB%8B&amp;body=Check%20this%20out:%20https:\/\/bilaw.vn\/?page_id=1545&lang=zh\" rel=\"nofollow\" class=\"icon primary button circle tooltip email\" title=\"Email to a Friend\" aria-label=\"Email to a Friend\"><i class=\"icon-envelop\" ><\/i><\/a><\/div><\/div>      <\/div>\n    <\/div>\n\n       <\/div>\n    <\/div>\n  \n<div class=\"slider-wrapper relative font-d\" id=\"slider-1482673405\" >\n    <div class=\"slider slider-nav-circle slider-nav-large slider-nav-light slider-style-normal\"\n        data-flickity-options='{\n            \"cellAlign\": \"center\",\n            \"imagesLoaded\": true,\n            \"lazyLoad\": 1,\n            \"freeScroll\": false,\n            \"wrapAround\": true,\n            \"autoPlay\": 6000,\n            \"pauseAutoPlayOnHover\" : true,\n            \"prevNextButtons\": true,\n            \"contain\" : true,\n            \"adaptiveHeight\" : true,\n            \"dragThreshold\" : 10,\n            \"percentPosition\": true,\n            \"pageDots\": true,\n            \"rightToLeft\": false,\n            \"draggable\": true,\n            \"selectedAttraction\": 0.1,\n            \"parallax\" : 0,\n            \"friction\": 0.6        }'\n        >\n        \n\n  <div class=\"banner has-hover bg-zoom bg-zoom\" id=\"banner-1576631951\">\n          <div class=\"banner-inner fill\">\n        <div class=\"banner-bg fill\" >\n            <div class=\"bg fill bg-fill \"><\/div>\n                                    \n                    <\/div>\n\t\t\n        <div class=\"banner-layers container\">\n            <div class=\"fill banner-link\"><\/div>            \n   <div id=\"text-box-2128693444\" class=\"text-box banner-layer x5 md-x5 lg-x5 y95 md-y25 lg-y25 res-text\">\n                                <div class=\"text-box-content text box-shadow-1\">\n              \n              <div class=\"text-inner text-left\">\n                  \n<h6>Bi Law \u5f8b\u5e08\u4e8b\u52a1\u6240<\/h6>\n<h3 class=\"uppercase\">\u5c0a\u656c\u7684\u5ba2\u6237!<\/h3>\n              <\/div>\n           <\/div>\n                            \n<style>\n#text-box-2128693444 .text-box-content {\n  background-color: rgba(255, 255, 255, 0.94);\n  font-size: 100%;\n}\n#text-box-2128693444 .text-inner {\n  padding: 30px 30px 30px 30px;\n}\n#text-box-2128693444 {\n  width: 90%;\n}\n@media (min-width:550px) {\n  #text-box-2128693444 {\n    width: 44%;\n  }\n}\n<\/style>\n    <\/div>\n \n        <\/div>\n      <\/div>\n\n            \n<style>\n#banner-1576631951 {\n  padding-top: 637px;\n}\n#banner-1576631951 .bg.bg-loaded {\n  background-image: url(https:\/\/bilaw.vn\/wp-content\/uploads\/2023\/05\/bilaw-new-07-1.jpg);\n}\n#banner-1576631951 .bg {\n  background-position: 62% 60%;\n}\n#banner-1576631951 .ux-shape-divider--top svg {\n  height: 150px;\n  --divider-top-width: 100%;\n}\n#banner-1576631951 .ux-shape-divider--bottom svg {\n  height: 150px;\n  --divider-width: 100%;\n}\n<\/style>\n  <\/div>\n\n\n     <\/div>\n\n     <div class=\"loading-spin dark large centered\"><\/div>\n\n     \t<\/div>\n\n\n\t<div id=\"gap-1498078028\" class=\"gap-element clearfix\" style=\"display:block; height:auto;\">\n\t\t\n<style>\n#gap-1498078028 {\n  padding-top: 30px;\n}\n<\/style>\n\t<\/div>\n\t\n\t<section class=\"section font-d\" id=\"section_1301586831\">\n\t\t<div class=\"bg section-bg fill bg-fill  bg-loaded\" >\n\n\t\t\t\n\t\t\t\n\t\t\t\n\n\t\t<\/div>\n\n\t\t\n\n\t\t<div class=\"section-content relative\">\n\t\t\t\n<div class=\"row\"  id=\"row-253019970\">\n\n\t<div id=\"col-139227437\" class=\"col small-12 large-12\"  >\n\t\t\t\t<div class=\"col-inner\"  >\n\t\t\t\n\t\t\t\n\t<div id=\"text-441695465\" class=\"text\">\n\t\t\n<p style=\"text-align: justify;\"><span style=\"font-size: 100%; color: #000000;\">\u4e3a\u6ee1\u8db3\u60a8\u7684\u9700\u6c42\uff0c\u5bfb\u627e\u6cd5\u5f8b\u89e3\u51b3\u65b9\u6848\u4e0d\u4ec5\u9700\u8981\u6df1\u539a\u7684\u6cd5\u5f8b\u77e5\u8bc6\u548c\u4e30\u5bcc\u7684\u5b9e\u8df5\u7ecf\u9a8c\uff0c\u8fd8\u9700\u8981\u5f8b\u5e08\u7684\u5168\u8eab\u5fc3\u6295\u5165\u3002<\/span><br \/><span style=\"font-size: 100%; color: #000000;\">\u7406\u89e3\u6cd5\u5f8b\u89e3\u51b3\u65b9\u6848\u7684\u4ef7\u503c\uff0cBi Law\u81f4\u529b\u4e8e\u4e3a\u4f01\u4e1a\u793e\u533a\u548c\u516c\u6c11\u63d0\u4f9b\u53ef\u6301\u7eed\u7684\u4ef7\u503c\uff0c\u901a\u8fc7\u9ad8\u8d28\u91cf\u3001\u9ad8\u6548\u7684\u89e3\u51b3\u65b9\u6848\u3002<\/span><br \/><span style=\"font-size: 100%; color: #000000;\">Bi Law\u63d0\u4f9b\u5305\u62ec\u4f46\u4e0d\u9650\u4e8e\u54a8\u8be2\u548c\u8bc9\u8bbc\u9886\u57df\u7684\u6cd5\u5f8b\u670d\u52a1\uff0c\u9488\u5bf9\u56fd\u5185100%\u6295\u8d44\u7684\u4f01\u4e1a\u3001\u56fd\u5185\u5916\u6295\u8d44\u7684\u4f01\u4e1a\uff08FDI\uff09\u4ee5\u53ca\u5de5\u4e1a\u533a\u5185\u5916\u7684\u4f01\u4e1a\u3002Bi Law\u4e3a\u5e73\u9633\u5c45\u6c11\u548c\u5168\u56fd\u5404\u7701\u5e02\u63d0\u4f9b\u571f\u5730\u3001\u7ee7\u627f\u3001\u5a5a\u59fb\u5bb6\u5ead\u7b49\u5404\u4e2a\u9886\u57df\u7684\u6cd5\u5f8b\u670d\u52a1\u3002<\/span><br \/><span style=\"font-size: 100%; color: #000000;\">Bi Law\u7684\u73b0\u6709\u5f8b\u5e08\u548c\u5408\u4f5c\u5f8b\u5e08\u7cbe\u901a\u5916\u8bed\uff0c\u5728\u54a8\u8be2\u548c\u8bc9\u8bbc\u6d3b\u52a8\u4e2d\u62e5\u6709\u591a\u5e74\u7ecf\u9a8c\uff0c\u5f8b\u5e08\u4eec\u4ee5\u4e13\u4e1a\u5316\u7684\u65b9\u5f0f\u884c\u4f7f\u804c\u4e1a\u3002\u51ed\u501f\u4e13\u4e1a\u3001\u6295\u5165\u548c\u670d\u52a1\u7cbe\u795e\uff0cBi Law\u5e0c\u671b\u6709\u673a\u4f1a\u4e0e\u60a8\u5408\u4f5c\u3001\u652f\u6301\u5e76\u4e3a\u60a8\u7684\u7e41\u8363\u53d1\u5c55\u505a\u51fa\u8d21\u732e\u3002<\/span><br \/><span style=\"font-size: 100%; color: #000000;\">\u8c28\u81f4\u95ee\u5019\uff01<\/span><\/p>\n\t\t\n<style>\n#text-441695465 {\n  line-height: 2;\n}\n<\/style>\n\t<\/div>\n\t\n\t\t<\/div>\n\t\t\t\t\t<\/div>\n\n\t\n<\/div>\n\t\t<\/div>\n\n\t\t\n<style>\n#section_1301586831 {\n  padding-top: 0px;\n  padding-bottom: 0px;\n}\n#section_1301586831 .ux-shape-divider--top svg {\n  height: 150px;\n  --divider-top-width: 100%;\n}\n#section_1301586831 .ux-shape-divider--bottom svg {\n  height: 150px;\n  --divider-width: 100%;\n}\n<\/style>\n\t<\/section>\n\t\n\t<section class=\"section font-d\" id=\"section_1566947408\">\n\t\t<div class=\"bg section-bg fill bg-fill  bg-loaded\" >\n\n\t\t\t\n\t\t\t\n\t\t\t\n\n\t\t<\/div>\n\n\t\t\n\n\t\t<div class=\"section-content relative\">\n\t\t\t\n<div class=\"container section-title-container\" ><h3 class=\"section-title section-title-normal\"><b><\/b><span class=\"section-title-main\" >Bi Law\u76ee\u524d\u63d0\u4f9b\u4ee5\u4e0b\u6cd5\u5f8b\u670d\u52a1\uff1a<\/span><b><\/b><\/h3><\/div>\n<div class=\"row\"  id=\"row-856812488\">\n\n\t<div id=\"col-1810384845\" class=\"col medium-6 small-12 large-6\"  >\n\t\t\t\t<div class=\"col-inner\"  >\n\t\t\t\n\t\t\t\n\t<div class=\"ux-menu stack stack-col justify-start ux-menu--divider-solid\">\n\t\t\n\t<div class=\"ux-menu-link flex menu-item\">\n\t\t<a class=\"ux-menu-link__link flex\" href=\"https:\/\/bilaw.vn\/?p=781\" target=\"_blank\" rel=\"noopener noreferrer\" >\n\t\t\t<i class=\"ux-menu-link__icon text-center icon-angle-right\" ><\/i>\t\t\t<span class=\"ux-menu-link__text\">\n\t\t\t\t\u6295\u8d44\u54a8\u8be2\uff08\u56fd\u5185\u9879\u76ee\u548c\u5916\u56fd\u6295\u8d44\u9879\u76ee\u7684\u8bb8\u53ef\uff09\t\t\t<\/span>\n\t\t<\/a>\n\t<\/div>\n\t\n\t<div class=\"ux-menu-link flex menu-item\">\n\t\t<a class=\"ux-menu-link__link flex\" href=\"https:\/\/bilaw.vn\/?p=776\" target=\"_blank\" rel=\"noopener noreferrer\" >\n\t\t\t<i class=\"ux-menu-link__icon text-center icon-angle-right\" ><\/i>\t\t\t<span class=\"ux-menu-link__text\">\n\t\t\t\t\u9879\u76ee\u8f6c\u8ba9\t\t\t<\/span>\n\t\t<\/a>\n\t<\/div>\n\t\n\t<div class=\"ux-menu-link flex menu-item\">\n\t\t<a class=\"ux-menu-link__link flex\" href=\"https:\/\/bilaw.vn\/?p=755\" target=\"_blank\" rel=\"noopener noreferrer\" >\n\t\t\t<i class=\"ux-menu-link__icon text-center icon-angle-right\" ><\/i>\t\t\t<span class=\"ux-menu-link__text\">\n\t\t\t\t\u4f01\u4e1a\u4e70\u5356\u3001\u5408\u5e76\u3001\u80a1\u6743\/\u80a1\u4efd\u8f6c\u8ba9\t\t\t<\/span>\n\t\t<\/a>\n\t<\/div>\n\t\n\t<div class=\"ux-menu-link flex menu-item\">\n\t\t<a class=\"ux-menu-link__link flex\" href=\"https:\/\/bilaw.vn\/?p=1128\" target=\"_blank\" rel=\"noopener noreferrer\" >\n\t\t\t<i class=\"ux-menu-link__icon text-center icon-angle-right\" ><\/i>\t\t\t<span class=\"ux-menu-link__text\">\n\t\t\t\t\u5408\u540c\u54a8\u8be2\u548c\u8d77\u8349\t\t\t<\/span>\n\t\t<\/a>\n\t<\/div>\n\t\n\t<div class=\"ux-menu-link flex menu-item\">\n\t\t<a class=\"ux-menu-link__link flex\" href=\"https:\/\/bilaw.vn\/?p=1126\"  >\n\t\t\t<i class=\"ux-menu-link__icon text-center icon-angle-right\" ><\/i>\t\t\t<span class=\"ux-menu-link__text\">\n\t\t\t\t\u5185\u90e8\u6cd5\u5f8b\u7ba1\u7406\u548c\u4f01\u4e1a\u5546\u4e1a\u6d3b\u52a8\t\t\t<\/span>\n\t\t<\/a>\n\t<\/div>\n\t\n\t<div class=\"ux-menu-link flex menu-item\">\n\t\t<a class=\"ux-menu-link__link flex\" href=\"https:\/\/bilaw.vn\/?p=566\" target=\"_blank\" rel=\"noopener noreferrer\" >\n\t\t\t<i class=\"ux-menu-link__icon text-center icon-angle-right\" ><\/i>\t\t\t<span class=\"ux-menu-link__text\">\n\t\t\t\t\u5b9a\u671f\u4e3a\u4f01\u4e1a\u63d0\u4f9b\u6cd5\u5f8b\u54a8\u8be2\t\t\t<\/span>\n\t\t<\/a>\n\t<\/div>\n\t\n\t<div class=\"ux-menu-link flex menu-item\">\n\t\t<a class=\"ux-menu-link__link flex\" href=\"https:\/\/bilaw.vn\/?p=554\"  >\n\t\t\t<i class=\"ux-menu-link__icon text-center icon-angle-right\" ><\/i>\t\t\t<span class=\"ux-menu-link__text\">\n\t\t\t\t\u77e5\u8bc6\u4ea7\u6743\t\t\t<\/span>\n\t\t<\/a>\n\t<\/div>\n\t\n\t<\/div>\n\t\n\t\t<\/div>\n\t\t\t\t\t<\/div>\n\n\t\n\n\t<div id=\"col-823228835\" class=\"col medium-6 small-12 large-6\"  >\n\t\t\t\t<div class=\"col-inner\"  >\n\t\t\t\n\t\t\t\n\t<div class=\"ux-menu stack stack-col justify-start ux-menu--divider-solid\">\n\t\t\n\t<div class=\"ux-menu-link flex menu-item\">\n\t\t<a class=\"ux-menu-link__link flex\" href=\"https:\/\/bilaw.vn\/?p=557\" target=\"_blank\" rel=\"noopener noreferrer\" >\n\t\t\t<i class=\"ux-menu-link__icon text-center icon-angle-right\" ><\/i>\t\t\t<span class=\"ux-menu-link__text\">\n\t\t\t\t\u52b3\u52a8\u6cd5\t\t\t<\/span>\n\t\t<\/a>\n\t<\/div>\n\t\n\t<div class=\"ux-menu-link flex menu-item\">\n\t\t<a class=\"ux-menu-link__link flex\" href=\"https:\/\/bilaw.vn\/?p=791\" target=\"_blank\" rel=\"noopener noreferrer\" >\n\t\t\t<i class=\"ux-menu-link__icon text-center icon-angle-right\" ><\/i>\t\t\t<span class=\"ux-menu-link__text\">\n\t\t\t\t\u8d22\u52a1\u94f6\u884c\u6cd5\u5f8b\u3001\u7a0e\u6cd5\t\t\t<\/span>\n\t\t<\/a>\n\t<\/div>\n\t\n\t<div class=\"ux-menu-link flex menu-item\">\n\t\t<a class=\"ux-menu-link__link flex\" href=\"https:\/\/bilaw.vn\/?p=1122\"  >\n\t\t\t<i class=\"ux-menu-link__icon text-center icon-angle-right\" ><\/i>\t\t\t<span class=\"ux-menu-link__text\">\n\t\t\t\t\u7ee7\u627f\t\t\t<\/span>\n\t\t<\/a>\n\t<\/div>\n\t\n\t<div class=\"ux-menu-link flex menu-item\">\n\t\t<a class=\"ux-menu-link__link flex\" href=\"https:\/\/bilaw.vn\/?p=551\" target=\"_blank\" rel=\"noopener noreferrer\" >\n\t\t\t<i class=\"ux-menu-link__icon text-center icon-angle-right\" ><\/i>\t\t\t<span class=\"ux-menu-link__text\">\n\t\t\t\t\u571f\u5730\u3001\u623f\u5730\u4ea7\u548c\u5efa\u7b51\t\t\t<\/span>\n\t\t<\/a>\n\t<\/div>\n\t\n\t<div class=\"ux-menu-link flex menu-item\">\n\t\t<a class=\"ux-menu-link__link flex\" href=\"https:\/\/bilaw.vn\/?p=1120\"  >\n\t\t\t<i class=\"ux-menu-link__icon text-center icon-angle-right\" ><\/i>\t\t\t<span class=\"ux-menu-link__text\">\n\t\t\t\t\u5a5a\u59fb\u548c\u5bb6\u5ead\t\t\t<\/span>\n\t\t<\/a>\n\t<\/div>\n\t\n\t<div class=\"ux-menu-link flex menu-item\">\n\t\t<a class=\"ux-menu-link__link flex\" href=\"https:\/\/bilaw.vn\/?p=788\" target=\"_blank\" rel=\"noopener noreferrer\" >\n\t\t\t<i class=\"ux-menu-link__icon text-center icon-angle-right\" ><\/i>\t\t\t<span class=\"ux-menu-link__text\">\n\t\t\t\t\u53c2\u4e0e\u5404\u7ea7\u6cd5\u9662\u548c\u5546\u4e8b\u4ef2\u88c1\u7684\u8bc9\u8bbc\t\t\t<\/span>\n\t\t<\/a>\n\t<\/div>\n\t\n\t<div class=\"ux-menu-link flex menu-item\">\n\t\t<a class=\"ux-menu-link__link flex\" href=\"https:\/\/bilaw.vn\/?p=1377\"  >\n\t\t\t<i class=\"ux-menu-link__icon text-center icon-angle-right\" ><\/i>\t\t\t<span class=\"ux-menu-link__text\">\n\t\t\t\t\u5176\u4ed6\u76f8\u5173\u6cd5\u5f8b\u670d\u52a1\t\t\t<\/span>\n\t\t<\/a>\n\t<\/div>\n\t\n\t<\/div>\n\t\n\t\t<\/div>\n\t\t\t\t\t<\/div>\n\n\t\n<\/div>\n\t\t<\/div>\n\n\t\t\n<style>\n#section_1566947408 {\n  padding-top: 0px;\n  padding-bottom: 0px;\n}\n#section_1566947408 .ux-shape-divider--top svg {\n  height: 150px;\n  --divider-top-width: 100%;\n}\n#section_1566947408 .ux-shape-divider--bottom svg {\n  height: 150px;\n  --divider-width: 100%;\n}\n<\/style>\n\t<\/section>\n\t\n","protected":false},"excerpt":{"rendered":"","protected":false},"author":3,"featured_media":0,"parent":0,"menu_order":0,"comment_status":"closed","ping_status":"closed","template":"page-blank.php","meta":{"footnotes":""},"class_list":["post-1545","page","type-page","status-publish","hentry"],"yoast_head":"<!-- This site is optimized with the Yoast SEO Premium plugin v18.2.1 (Yoast SEO v24.6) - https:\/\/yoast.com\/wordpress\/plugins\/seo\/ -->\n<title>\u7b80\u4ecb - C\u00d4NG TY LU\u1eacT TNHH BI LAW<\/title>\n<meta name=\"robots\" content=\"index, follow, max-snippet:-1, max-image-preview:large, max-video-preview:-1\" \/>\n<link rel=\"canonical\" href=\"https:\/\/bilaw.vn\/?page_id=1545&lang=zh\" \/>\n<meta property=\"og:locale\" content=\"vi_VN\" \/>\n<meta property=\"og:type\" content=\"article\" \/>\n<meta property=\"og:title\" content=\"\u7b80\u4ecb\" \/>\n<meta property=\"og:url\" content=\"https:\/\/bilaw.vn\/?page_id=1545&amp;lang=zh\" \/>\n<meta property=\"og:site_name\" content=\"C\u00d4NG TY LU\u1eacT TNHH BI LAW\" \/>\n<meta property=\"article:modified_time\" content=\"2023-06-09T03:52:35+00:00\" \/>\n<meta name=\"twitter:card\" content=\"summary_large_image\" \/>\n<meta name=\"twitter:label1\" content=\"\u01af\u1edbc t\u00ednh th\u1eddi gian \u0111\u1ecdc\" \/>\n\t<meta name=\"twitter:data1\" content=\"2 ph\u00fat\" \/>\n<script type=\"application\/ld+json\" class=\"yoast-schema-graph\">{\"@context\":\"https:\/\/schema.org\",\"@graph\":[{\"@type\":\"WebPage\",\"@id\":\"https:\/\/bilaw.vn\/?page_id=1545&lang=zh\",\"url\":\"https:\/\/bilaw.vn\/?page_id=1545&lang=zh\",\"name\":\"\u7b80\u4ecb - C\u00d4NG TY LU\u1eacT TNHH BI LAW\",\"isPartOf\":{\"@id\":\"https:\/\/bilaw.vn\/#website\"},\"datePublished\":\"2023-05-22T04:01:26+00:00\",\"dateModified\":\"2023-06-09T03:52:35+00:00\",\"breadcrumb\":{\"@id\":\"https:\/\/bilaw.vn\/?page_id=1545&lang=zh#breadcrumb\"},\"inLanguage\":\"vi\",\"potentialAction\":[{\"@type\":\"ReadAction\",\"target\":[\"https:\/\/bilaw.vn\/?page_id=1545&lang=zh\"]}]},{\"@type\":\"BreadcrumbList\",\"@id\":\"https:\/\/bilaw.vn\/?page_id=1545&lang=zh#breadcrumb\",\"itemListElement\":[{\"@type\":\"ListItem\",\"position\":1,\"name\":\"Trang ch\u1ee7\",\"item\":\"https:\/\/bilaw.vn\/\"},{\"@type\":\"ListItem\",\"position\":2,\"name\":\"\u7b80\u4ecb\"}]},{\"@type\":\"WebSite\",\"@id\":\"https:\/\/bilaw.vn\/#website\",\"url\":\"https:\/\/bilaw.vn\/\",\"name\":\"C\u00d4NG TY LU\u1eacT TNHH BI LAW\",\"description\":\"T\u01b0 v\u1ea5n \u0111\u1ea7u t\u01b0, Doanh nghi\u1ec7p, H\u1ee3p \u0111\u1ed3ng, Tranh t\u1ee5ng v\u00e0 c\u00e1c l\u0129nh v\u1ef1c ph\u00e1p l\u00fd kh\u00e1c\",\"potentialAction\":[{\"@type\":\"SearchAction\",\"target\":{\"@type\":\"EntryPoint\",\"urlTemplate\":\"https:\/\/bilaw.vn\/?s={search_term_string}\"},\"query-input\":{\"@type\":\"PropertyValueSpecification\",\"valueRequired\":true,\"valueName\":\"search_term_string\"}}],\"inLanguage\":\"vi\"}]}<\/script>\n<!-- \/ Yoast SEO Premium plugin. -->","yoast_head_json":{"title":"\u7b80\u4ecb - C\u00d4NG TY LU\u1eacT TNHH BI LAW","robots":{"index":"index","follow":"follow","max-snippet":"max-snippet:-1","max-image-preview":"max-image-preview:large","max-video-preview":"max-video-preview:-1"},"canonical":"https:\/\/bilaw.vn\/?page_id=1545&lang=zh","og_locale":"vi_VN","og_type":"article","og_title":"\u7b80\u4ecb","og_url":"https:\/\/bilaw.vn\/?page_id=1545&lang=zh","og_site_name":"C\u00d4NG TY LU\u1eacT TNHH BI LAW","article_modified_time":"2023-06-09T03:52:35+00:00","twitter_card":"summary_large_image","twitter_misc":{"\u01af\u1edbc t\u00ednh th\u1eddi gian \u0111\u1ecdc":"2 ph\u00fat"},"schema":{"@context":"https:\/\/schema.org","@graph":[{"@type":"WebPage","@id":"https:\/\/bilaw.vn\/?page_id=1545&lang=zh","url":"https:\/\/bilaw.vn\/?page_id=1545&lang=zh","name":"\u7b80\u4ecb - C\u00d4NG TY LU\u1eacT TNHH BI LAW","isPartOf":{"@id":"https:\/\/bilaw.vn\/#website"},"datePublished":"2023-05-22T04:01:26+00:00","dateModified":"2023-06-09T03:52:35+00:00","breadcrumb":{"@id":"https:\/\/bilaw.vn\/?page_id=1545&lang=zh#breadcrumb"},"inLanguage":"vi","potentialAction":[{"@type":"ReadAction","target":["https:\/\/bilaw.vn\/?page_id=1545&lang=zh"]}]},{"@type":"BreadcrumbList","@id":"https:\/\/bilaw.vn\/?page_id=1545&lang=zh#breadcrumb","itemListElement":[{"@type":"ListItem","position":1,"name":"Trang ch\u1ee7","item":"https:\/\/bilaw.vn\/"},{"@type":"ListItem","position":2,"name":"\u7b80\u4ecb"}]},{"@type":"WebSite","@id":"https:\/\/bilaw.vn\/#website","url":"https:\/\/bilaw.vn\/","name":"C\u00d4NG TY LU\u1eacT TNHH BI LAW","description":"T\u01b0 v\u1ea5n \u0111\u1ea7u t\u01b0, Doanh nghi\u1ec7p, H\u1ee3p \u0111\u1ed3ng, Tranh t\u1ee5ng v\u00e0 c\u00e1c l\u0129nh v\u1ef1c ph\u00e1p l\u00fd kh\u00e1c","potentialAction":[{"@type":"SearchAction","target":{"@type":"EntryPoint","urlTemplate":"https:\/\/bilaw.vn\/?s={search_term_string}"},"query-input":{"@type":"PropertyValueSpecification","valueRequired":true,"valueName":"search_term_string"}}],"inLanguage":"vi"}]}},"lang":"zh","translations":{"zh":1545,"en":1381,"vi":513,"ko":1543,"ja":1836},"pll_sync_post":[],"_links":{"self":[{"href":"https:\/\/bilaw.vn\/index.php?rest_route=\/wp\/v2\/pages\/1545","targetHints":{"allow":["GET"]}}],"collection":[{"href":"https:\/\/bilaw.vn\/index.php?rest_route=\/wp\/v2\/pages"}],"about":[{"href":"https:\/\/bilaw.vn\/index.php?rest_route=\/wp\/v2\/types\/page"}],"author":[{"embeddable":true,"href":"https:\/\/bilaw.vn\/index.php?rest_route=\/wp\/v2\/users\/3"}],"replies":[{"embeddable":true,"href":"https:\/\/bilaw.vn\/index.php?rest_route=%2Fwp%2Fv2%2Fcomments&post=1545"}],"version-history":[{"count":4,"href":"https:\/\/bilaw.vn\/index.php?rest_route=\/wp\/v2\/pages\/1545\/revisions"}],"predecessor-version":[{"id":1822,"href":"https:\/\/bilaw.vn\/index.php?rest_route=\/wp\/v2\/pages\/1545\/revisions\/1822"}],"wp:attachment":[{"href":"https:\/\/bilaw.vn\/index.php?rest_route=%2Fwp%2Fv2%2Fmedia&parent=1545"}],"curies":[{"name":"wp","href":"https:\/\/api.w.org\/{rel}","templated":true}]}}