{"id":1844,"date":"2023-06-09T12:33:24","date_gmt":"2023-06-09T05:33:24","guid":{"rendered":"https:\/\/bilaw.vn\/?page_id=1844"},"modified":"2023-06-09T12:36:32","modified_gmt":"2023-06-09T05:36:32","slug":"%e6%8e%a5%e8%a7%a6","status":"publish","type":"page","link":"https:\/\/bilaw.vn\/?page_id=1844&lang=ja","title":{"rendered":"\u63a5\u89e6"},"content":{"rendered":"\t<section class=\"section font-d\" id=\"section_1091484600\">\n\t\t<div class=\"bg section-bg fill bg-fill  bg-loaded\" >\n\n\t\t\t\n\t\t\t\n\t\t\t\n\n\t\t<\/div>\n\n\t\t\n\n\t\t<div class=\"section-content relative\">\n\t\t\t\n<div class=\"row\"  id=\"row-346538965\">\n\n\t<div id=\"col-1818690513\" class=\"col small-12 large-12\"  >\n\t\t\t\t<div class=\"col-inner\"  >\n\t\t\t\n\t\t\t\n\t<div id=\"text-2135079526\" class=\"text mh-title-section\">\n\t\t\n<h3>\u63a5\u89e6<\/h3>\n\t\t\n<style>\n#text-2135079526 {\n  text-align: center;\n}\n<\/style>\n\t<\/div>\n\t\n\t\t<\/div>\n\t\t\t\t\t<\/div>\n\n\t\n<\/div>\n<div class=\"row align-center\"  id=\"row-805518651\">\n\n\t<div id=\"col-1901822651\" class=\"col mh-col-contact medium-12 small-12 large-4\"  >\n\t\t\t\t<div class=\"col-inner\"  >\n\t\t\t\n\t\t\t\n<h2>Bi\u6cd5\u5f8b\u4e8b\u52d9\u6240<\/h2>\n<ul>\n<li><i class=\"fal fa-map-marker-alt\"><\/i>\u0110\u1ecba ch\u1ec9: S\u1ed1 15 &#8211; 17 Ho\u00e0ng V\u0103n Th\u1ee5, KDC Ch\u00e1nh Ngh\u0129a, Ch\u00e1nh Ngh\u0129a, Th\u1ee7 D\u1ea7u M\u1ed9t, B\u00ecnh D\u01b0\u01a1ng.<\/li>\n<li><i class=\"fal fa-phone-alt\"><\/i>\u0110i\u1ec7n tho\u1ea1i: 0919 06 04 86<\/li>\n<li><i class=\"fal fa-envelope-open\"><\/i>Email: info@bilaw.vn<\/li>\n<li><i class=\"fal fa-globe-europe\"><\/i>Website: www.bilaw.vn<\/li>\n<\/ul>\n<p>Xin k\u00ednh ch\u00e0o qu\u00fd kh\u00e1ch! C\u1ea3m \u01a1n qu\u00fd kh\u00e1ch \u0111\u00e3 quan t\u00e2m.<\/p>\n<p>N\u1ebfu qu\u00fd kh\u00e1ch c\u00f3 th\u1eafc m\u1eafc, \u00fd ki\u1ebfn ph\u1ea3n h\u1ed3i hay \u0111\u00f3ng g\u00f3p xin vui l\u00f2ng \u0111i\u1ec1n v\u00e0o Form d\u01b0\u1edbi \u0111\u00e2y v\u00e0 g\u1eedi cho ch\u00fang t\u00f4i. Xin ch\u00e2n th\u00e0nh c\u1ea3m \u01a1n!<\/p>\n<div class=\"social-icons follow-icons full-width text-center\" ><span>Chia s\u1ebb:<\/span><a href=\"https:\/\/fb.com\/luatsutruongquochung\" target=\"_blank\" data-label=\"Facebook\" rel=\"noopener noreferrer nofollow\" class=\"icon primary button circle facebook tooltip\" title=\"Follow on Facebook\" aria-label=\"Follow on Facebook\"><i class=\"icon-facebook\" ><\/i><\/a><a href=\"#\" target=\"_blank\" rel=\"noopener noreferrer nofollow\" data-label=\"Instagram\" class=\"icon primary button circle  instagram tooltip\" title=\"Follow on Instagram\" aria-label=\"Follow on Instagram\"><i class=\"icon-instagram\" ><\/i><\/a><a href=\"mailto:info@bilaw.vn\" data-label=\"E-mail\" rel=\"nofollow\" class=\"icon primary button circle  email tooltip\" title=\"Send us an email\" aria-label=\"Send us an email\"><i class=\"icon-envelop\" ><\/i><\/a><a href=\"tel:0919060486\" target=\"_blank\" data-label=\"Phone\" rel=\"noopener noreferrer nofollow\" class=\"icon primary button circle  phone tooltip\" title=\"Call us\" aria-label=\"Call us\"><i class=\"icon-phone\" ><\/i><\/a><a href=\"#\" target=\"_blank\" rel=\"noopener noreferrer nofollow\" data-label=\"YouTube\" class=\"icon primary button circle  youtube tooltip\" title=\"Follow on YouTube\" aria-label=\"Follow on YouTube\"><i class=\"icon-youtube\" ><\/i><\/a><\/div>\n\t\t<\/div>\n\t\t\t\t\t<\/div>\n\n\t\n\n\t<div id=\"col-1293077554\" class=\"col mh-col-contact medium-12 small-12 large-8\"  >\n\t\t\t\t<div class=\"col-inner\"  >\n\t\t\t\n\t\t\t\n<p><iframe src=\"https:\/\/www.google.com\/maps\/embed?pb=!1m14!1m8!1m3!1d979.2055086530305!2d106.66496848878421!3d10.976801861108758!3m2!1i1024!2i768!4f13.1!3m3!1m2!1s0x3174d11e68a5ad8f%3A0x9c665cb570b9c928!2zQ8O0bmcgdHkgTHXhuq10IEJpIExhdw!5e0!3m2!1svi!2sus!4v1686199653857!5m2!1svi!2sus\" width=\"100%\" height=\"450\" style=\"border:0;\" allowfullscreen=\"\" loading=\"lazy\" referrerpolicy=\"no-referrer-when-downgrade\"><\/iframe><\/p>\n\t\t<\/div>\n\t\t\t\t\t<\/div>\n\n\t\n\n\t<div id=\"col-1490141448\" class=\"col mh-col-contact medium-12 small-12 large-12\"  >\n\t\t\t\t<div class=\"col-inner\" style=\"background-color:rgb(246, 246, 246);\" >\n\t\t\t\n\t\t\t\n\n<div class=\"wpcf7 no-js\" id=\"wpcf7-f1846-o1\" lang=\"en-US\" dir=\"ltr\" data-wpcf7-id=\"1846\">\n<div class=\"screen-reader-response\"><p role=\"status\" aria-live=\"polite\" aria-atomic=\"true\"><\/p> <ul><\/ul><\/div>\n<form action=\"\/index.php?rest_route=%2Fwp%2Fv2%2Fpages%2F1844#wpcf7-f1846-o1\" method=\"post\" class=\"wpcf7-form init\" aria-label=\"Contact form\" novalidate=\"novalidate\" data-status=\"init\">\n<div style=\"display: none;\">\n<input type=\"hidden\" name=\"_wpcf7\" value=\"1846\" \/>\n<input type=\"hidden\" name=\"_wpcf7_version\" value=\"6.0.5\" \/>\n<input type=\"hidden\" name=\"_wpcf7_locale\" value=\"en_US\" \/>\n<input type=\"hidden\" name=\"_wpcf7_unit_tag\" value=\"wpcf7-f1846-o1\" \/>\n<input type=\"hidden\" name=\"_wpcf7_container_post\" value=\"0\" \/>\n<input type=\"hidden\" name=\"_wpcf7_posted_data_hash\" value=\"\" \/>\n<\/div>\n<div class=\"row row-normal\">\n\t<div class=\"col medium-6 small-12 large-6 pb-0\">\n\t\t<div class=\"col-inner\">\n\t\t\t<p><label><span>H\u1ecd v\u00e0 t\u00ean (*)<\/span><span class=\"wpcf7-form-control-wrap\" data-name=\"text-188\"><input size=\"40\" maxlength=\"400\" class=\"wpcf7-form-control wpcf7-text wpcf7-validates-as-required\" aria-required=\"true\" aria-invalid=\"false\" placeholder=\"Vui l\u00f2ng nh\u1eadp h\u1ecd t\u00ean li\u00ean l\u1ea1c\" value=\"\" type=\"text\" name=\"text-188\" \/><\/span><\/label><br \/>\n<label><span>Email (*)<\/span><span class=\"wpcf7-form-control-wrap\" data-name=\"email-915\"><input size=\"40\" maxlength=\"400\" class=\"wpcf7-form-control wpcf7-email wpcf7-validates-as-required wpcf7-text wpcf7-validates-as-email\" aria-required=\"true\" aria-invalid=\"false\" placeholder=\"\u0110\u1ecba ch\u1ec9 Email\" value=\"\" type=\"email\" name=\"email-915\" \/><\/span><\/label><br \/>\n<label><span>\u0110i\u1ec7n tho\u1ea1i (*)<\/span><span class=\"wpcf7-form-control-wrap\" data-name=\"tel-660\"><input size=\"40\" maxlength=\"400\" class=\"wpcf7-form-control wpcf7-tel wpcf7-validates-as-required wpcf7-text wpcf7-validates-as-tel\" aria-required=\"true\" aria-invalid=\"false\" placeholder=\"S\u1ed1 \u0111i\u1ec7n tho\u1ea1i\" value=\"\" type=\"tel\" name=\"tel-660\" \/><\/span><\/label><br \/>\n<label><span>\u0110\u1ecba ch\u1ec9 (*)<\/span><span class=\"wpcf7-form-control-wrap\" data-name=\"text-180\"><input size=\"40\" maxlength=\"400\" class=\"wpcf7-form-control wpcf7-text wpcf7-validates-as-required\" aria-required=\"true\" aria-invalid=\"false\" placeholder=\"\u0110\u1ecba ch\u1ec9\" value=\"\" type=\"text\" name=\"text-180\" \/><\/span><\/label>\n\t\t\t<\/p>\n\t\t<\/div>\n\t<\/div>\n\t<div class=\"col medium-6 small-12 large-6 pb-0\">\n\t\t<div class=\"col-inner\">\n\t\t\t<p><label><span>Ti\u00eau \u0111\u1ec1<\/span><span class=\"wpcf7-form-control-wrap\" data-name=\"text-181\"><input size=\"40\" maxlength=\"400\" class=\"wpcf7-form-control wpcf7-text wpcf7-validates-as-required\" aria-required=\"true\" aria-invalid=\"false\" placeholder=\"Ti\u00eau \u0111\u1ec1\" value=\"\" type=\"text\" name=\"text-181\" \/><\/span><\/label><br \/>\n<label><span>L\u1eddi nh\u1eafn<\/span><span class=\"wpcf7-form-control-wrap\" data-name=\"textarea-811\"><textarea cols=\"40\" rows=\"10\" maxlength=\"2000\" class=\"wpcf7-form-control wpcf7-textarea wpcf7-validates-as-required\" aria-required=\"true\" aria-invalid=\"false\" placeholder=\"L\u1eddi nh\u1eafn\" name=\"textarea-811\"><\/textarea><\/span><\/label><br \/>\n<label><input class=\"wpcf7-form-control wpcf7-submit has-spinner\" type=\"submit\" value=\"G\u1eedi li\u00ean h\u1ec7\" \/><\/label>\n\t\t\t<\/p>\n\t\t<\/div>\n\t<\/div>\n<\/div><div class=\"wpcf7-response-output\" aria-hidden=\"true\"><\/div>\n<\/form>\n<\/div>\n\n\t\t<\/div>\n\t\t\t\t\n<style>\n#col-1490141448 > .col-inner {\n  padding: 20px 20px 20px 20px;\n}\n@media (min-width:550px) {\n  #col-1490141448 > .col-inner {\n    padding: 25px 25px 25px 25px;\n  }\n}\n<\/style>\n\t<\/div>\n\n\t\n<\/div>\n\t\t<\/div>\n\n\t\t\n<style>\n#section_1091484600 {\n  padding-top: 40px;\n  padding-bottom: 40px;\n}\n#section_1091484600 .ux-shape-divider--top svg {\n  height: 150px;\n  --divider-top-width: 100%;\n}\n#section_1091484600 .ux-shape-divider--bottom svg {\n  height: 150px;\n  --divider-width: 100%;\n}\n<\/style>\n\t<\/section>\n\t\n","protected":false},"excerpt":{"rendered":"","protected":false},"author":3,"featured_media":514,"parent":0,"menu_order":0,"comment_status":"closed","ping_status":"closed","template":"page-blank.php","meta":{"footnotes":""},"class_list":["post-1844","page","type-page","status-publish","has-post-thumbnail","hentry"],"yoast_head":"<!-- This site is optimized with the Yoast SEO Premium plugin v18.2.1 (Yoast SEO v24.6) - https:\/\/yoast.com\/wordpress\/plugins\/seo\/ -->\n<title>\u63a5\u89e6 - C\u00d4NG TY LU\u1eacT TNHH BI LAW<\/title>\n<meta name=\"robots\" content=\"index, follow, max-snippet:-1, max-image-preview:large, max-video-preview:-1\" \/>\n<link rel=\"canonical\" href=\"https:\/\/bilaw.vn\/?page_id=1844&lang=ja\" \/>\n<meta property=\"og:locale\" content=\"vi_VN\" \/>\n<meta property=\"og:type\" content=\"article\" \/>\n<meta property=\"og:title\" content=\"\u63a5\u89e6\" \/>\n<meta property=\"og:url\" content=\"https:\/\/bilaw.vn\/?page_id=1844&amp;lang=ja\" \/>\n<meta property=\"og:site_name\" content=\"C\u00d4NG TY LU\u1eacT TNHH BI LAW\" \/>\n<meta property=\"article:modified_time\" content=\"2023-06-09T05:36:32+00:00\" \/>\n<meta name=\"twitter:card\" content=\"summary_large_image\" \/>\n<meta name=\"twitter:label1\" content=\"\u01af\u1edbc t\u00ednh th\u1eddi gian \u0111\u1ecdc\" \/>\n\t<meta name=\"twitter:data1\" content=\"1 ph\u00fat\" \/>\n<script type=\"application\/ld+json\" class=\"yoast-schema-graph\">{\"@context\":\"https:\/\/schema.org\",\"@graph\":[{\"@type\":\"WebPage\",\"@id\":\"https:\/\/bilaw.vn\/?page_id=1844&lang=ja\",\"url\":\"https:\/\/bilaw.vn\/?page_id=1844&lang=ja\",\"name\":\"\u63a5\u89e6 - C\u00d4NG TY LU\u1eacT TNHH BI LAW\",\"isPartOf\":{\"@id\":\"https:\/\/bilaw.vn\/#website\"},\"primaryImageOfPage\":{\"@id\":\"https:\/\/bilaw.vn\/?page_id=1844&lang=ja#primaryimage\"},\"image\":{\"@id\":\"https:\/\/bilaw.vn\/?page_id=1844&lang=ja#primaryimage\"},\"thumbnailUrl\":\"\",\"datePublished\":\"2023-06-09T05:33:24+00:00\",\"dateModified\":\"2023-06-09T05:36:32+00:00\",\"breadcrumb\":{\"@id\":\"https:\/\/bilaw.vn\/?page_id=1844&lang=ja#breadcrumb\"},\"inLanguage\":\"vi\",\"potentialAction\":[{\"@type\":\"ReadAction\",\"target\":[\"https:\/\/bilaw.vn\/?page_id=1844&lang=ja\"]}]},{\"@type\":\"ImageObject\",\"inLanguage\":\"vi\",\"@id\":\"https:\/\/bilaw.vn\/?page_id=1844&lang=ja#primaryimage\",\"url\":\"\",\"contentUrl\":\"\"},{\"@type\":\"BreadcrumbList\",\"@id\":\"https:\/\/bilaw.vn\/?page_id=1844&lang=ja#breadcrumb\",\"itemListElement\":[{\"@type\":\"ListItem\",\"position\":1,\"name\":\"Trang ch\u1ee7\",\"item\":\"https:\/\/bilaw.vn\/\"},{\"@type\":\"ListItem\",\"position\":2,\"name\":\"\u63a5\u89e6\"}]},{\"@type\":\"WebSite\",\"@id\":\"https:\/\/bilaw.vn\/#website\",\"url\":\"https:\/\/bilaw.vn\/\",\"name\":\"C\u00d4NG TY LU\u1eacT TNHH BI LAW\",\"description\":\"T\u01b0 v\u1ea5n \u0111\u1ea7u t\u01b0, Doanh nghi\u1ec7p, H\u1ee3p \u0111\u1ed3ng, Tranh t\u1ee5ng v\u00e0 c\u00e1c l\u0129nh v\u1ef1c ph\u00e1p l\u00fd kh\u00e1c\",\"potentialAction\":[{\"@type\":\"SearchAction\",\"target\":{\"@type\":\"EntryPoint\",\"urlTemplate\":\"https:\/\/bilaw.vn\/?s={search_term_string}\"},\"query-input\":{\"@type\":\"PropertyValueSpecification\",\"valueRequired\":true,\"valueName\":\"search_term_string\"}}],\"inLanguage\":\"vi\"}]}<\/script>\n<!-- \/ Yoast SEO Premium plugin. -->","yoast_head_json":{"title":"\u63a5\u89e6 - C\u00d4NG TY LU\u1eacT TNHH BI LAW","robots":{"index":"index","follow":"follow","max-snippet":"max-snippet:-1","max-image-preview":"max-image-preview:large","max-video-preview":"max-video-preview:-1"},"canonical":"https:\/\/bilaw.vn\/?page_id=1844&lang=ja","og_locale":"vi_VN","og_type":"article","og_title":"\u63a5\u89e6","og_url":"https:\/\/bilaw.vn\/?page_id=1844&lang=ja","og_site_name":"C\u00d4NG TY LU\u1eacT TNHH BI LAW","article_modified_time":"2023-06-09T05:36:32+00:00","twitter_card":"summary_large_image","twitter_misc":{"\u01af\u1edbc t\u00ednh th\u1eddi gian \u0111\u1ecdc":"1 ph\u00fat"},"schema":{"@context":"https:\/\/schema.org","@graph":[{"@type":"WebPage","@id":"https:\/\/bilaw.vn\/?page_id=1844&lang=ja","url":"https:\/\/bilaw.vn\/?page_id=1844&lang=ja","name":"\u63a5\u89e6 - C\u00d4NG TY LU\u1eacT TNHH BI LAW","isPartOf":{"@id":"https:\/\/bilaw.vn\/#website"},"primaryImageOfPage":{"@id":"https:\/\/bilaw.vn\/?page_id=1844&lang=ja#primaryimage"},"image":{"@id":"https:\/\/bilaw.vn\/?page_id=1844&lang=ja#primaryimage"},"thumbnailUrl":"","datePublished":"2023-06-09T05:33:24+00:00","dateModified":"2023-06-09T05:36:32+00:00","breadcrumb":{"@id":"https:\/\/bilaw.vn\/?page_id=1844&lang=ja#breadcrumb"},"inLanguage":"vi","potentialAction":[{"@type":"ReadAction","target":["https:\/\/bilaw.vn\/?page_id=1844&lang=ja"]}]},{"@type":"ImageObject","inLanguage":"vi","@id":"https:\/\/bilaw.vn\/?page_id=1844&lang=ja#primaryimage","url":"","contentUrl":""},{"@type":"BreadcrumbList","@id":"https:\/\/bilaw.vn\/?page_id=1844&lang=ja#breadcrumb","itemListElement":[{"@type":"ListItem","position":1,"name":"Trang ch\u1ee7","item":"https:\/\/bilaw.vn\/"},{"@type":"ListItem","position":2,"name":"\u63a5\u89e6"}]},{"@type":"WebSite","@id":"https:\/\/bilaw.vn\/#website","url":"https:\/\/bilaw.vn\/","name":"C\u00d4NG TY LU\u1eacT TNHH BI LAW","description":"T\u01b0 v\u1ea5n \u0111\u1ea7u t\u01b0, Doanh nghi\u1ec7p, H\u1ee3p \u0111\u1ed3ng, Tranh t\u1ee5ng v\u00e0 c\u00e1c l\u0129nh v\u1ef1c ph\u00e1p l\u00fd kh\u00e1c","potentialAction":[{"@type":"SearchAction","target":{"@type":"EntryPoint","urlTemplate":"https:\/\/bilaw.vn\/?s={search_term_string}"},"query-input":{"@type":"PropertyValueSpecification","valueRequired":true,"valueName":"search_term_string"}}],"inLanguage":"vi"}]}},"lang":"ja","translations":{"ja":1844,"en":1385,"vi":93,"ko":1534,"zh":1536},"pll_sync_post":[],"_links":{"self":[{"href":"https:\/\/bilaw.vn\/index.php?rest_route=\/wp\/v2\/pages\/1844","targetHints":{"allow":["GET"]}}],"collection":[{"href":"https:\/\/bilaw.vn\/index.php?rest_route=\/wp\/v2\/pages"}],"about":[{"href":"https:\/\/bilaw.vn\/index.php?rest_route=\/wp\/v2\/types\/page"}],"author":[{"embeddable":true,"href":"https:\/\/bilaw.vn\/index.php?rest_route=\/wp\/v2\/users\/3"}],"replies":[{"embeddable":true,"href":"https:\/\/bilaw.vn\/index.php?rest_route=%2Fwp%2Fv2%2Fcomments&post=1844"}],"version-history":[{"count":4,"href":"https:\/\/bilaw.vn\/index.php?rest_route=\/wp\/v2\/pages\/1844\/revisions"}],"predecessor-version":[{"id":1849,"href":"https:\/\/bilaw.vn\/index.php?rest_route=\/wp\/v2\/pages\/1844\/revisions\/1849"}],"wp:featuredmedia":[{"embeddable":true,"href":"https:\/\/bilaw.vn\/index.php?rest_route=\/"}],"wp:attachment":[{"href":"https:\/\/bilaw.vn\/index.php?rest_route=%2Fwp%2Fv2%2Fmedia&parent=1844"}],"curies":[{"name":"wp","href":"https:\/\/api.w.org\/{rel}","templated":true}]}}