{"id":513,"date":"2021-11-16T12:34:45","date_gmt":"2021-11-16T05:34:45","guid":{"rendered":"http:\/\/bilaw.vn\/?page_id=513"},"modified":"2023-06-16T01:15:52","modified_gmt":"2023-06-15T18:15:52","slug":"gioi-thieu","status":"publish","type":"page","link":"https:\/\/bilaw.vn\/?page_id=513","title":{"rendered":"Gi\u1edbi thi\u1ec7u"},"content":{"rendered":"  <div id=\"page-header-966311535\" class=\"page-header-wrapper\">\n  <div class=\"page-title dark featured-title\">\n\n        <div class=\"page-title-bg\">\n      <div class=\"title-bg fill bg-fill\"\n        data-parallax-container=\".page-title\"\n        data-parallax-background\n        data-parallax=\"-\">\n      <\/div>\n      <div class=\"title-overlay fill\"><\/div>\n    <\/div>\n    \n    <div class=\"page-title-inner container align-center text-center flex-row-col medium-flex-wrap\" >\n              <div class=\"title-wrapper flex-col\">\n          <h1 class=\"entry-title mb-0\">\n            Gi\u1edbi thi\u1ec7u          <\/h1>\n        <\/div>\n                    <div class=\"title-content flex-col\">\n        <div class=\"title-share pt-half pb-half\"><div class=\"social-icons share-icons share-row relative\" ><a href=\"https:\/\/www.facebook.com\/sharer.php?u=https:\/\/bilaw.vn\/?page_id=513\" data-label=\"Facebook\" onclick=\"window.open(this.href,this.title,'width=500,height=500,top=300px,left=300px');  return false;\" rel=\"noopener noreferrer nofollow\" target=\"_blank\" class=\"icon primary button circle tooltip facebook\" title=\"Share on Facebook\" aria-label=\"Share on Facebook\"><i class=\"icon-facebook\" ><\/i><\/a><a href=\"https:\/\/twitter.com\/share?url=https:\/\/bilaw.vn\/?page_id=513\" onclick=\"window.open(this.href,this.title,'width=500,height=500,top=300px,left=300px');  return false;\" rel=\"noopener noreferrer nofollow\" target=\"_blank\" class=\"icon primary button circle tooltip twitter\" title=\"Share on Twitter\" aria-label=\"Share on Twitter\"><i class=\"icon-twitter\" ><\/i><\/a><a href=\"mailto:enteryour@addresshere.com?subject=Gi%E1%BB%9Bi%20thi%E1%BB%87u&amp;body=Check%20this%20out:%20https:\/\/bilaw.vn\/?page_id=513\" rel=\"nofollow\" class=\"icon primary button circle tooltip email\" title=\"Email to a Friend\" aria-label=\"Email to a Friend\"><i class=\"icon-envelop\" ><\/i><\/a><\/div><\/div>      <\/div>\n    <\/div>\n\n     \n<style>\n#page-header-966311535 .title-bg {\n  background-image: url(https:\/\/bilaw.vn\/wp-content\/uploads\/2023\/06\/GIAY-TIEU-DE-GACH.png);\n}\n#page-header-966311535 .featured-title {\n  background-color: #af2227;\n}\n<\/style>\n  <\/div>\n    <\/div>\n  \n<div class=\"slider-wrapper relative\" id=\"slider-1585801081\" >\n    <div class=\"slider slider-nav-circle slider-nav-large slider-nav-light slider-style-normal\"\n        data-flickity-options='{\n            \"cellAlign\": \"center\",\n            \"imagesLoaded\": true,\n            \"lazyLoad\": 1,\n            \"freeScroll\": false,\n            \"wrapAround\": true,\n            \"autoPlay\": 6000,\n            \"pauseAutoPlayOnHover\" : true,\n            \"prevNextButtons\": true,\n            \"contain\" : true,\n            \"adaptiveHeight\" : true,\n            \"dragThreshold\" : 10,\n            \"percentPosition\": true,\n            \"pageDots\": true,\n            \"rightToLeft\": false,\n            \"draggable\": true,\n            \"selectedAttraction\": 0.1,\n            \"parallax\" : 0,\n            \"friction\": 0.6        }'\n        >\n        \n\n  <div class=\"banner has-hover\" id=\"banner-916630781\">\n          <div class=\"banner-inner fill\">\n        <div class=\"banner-bg fill\" >\n            <div class=\"bg fill bg-fill \"><\/div>\n                                    \n                    <\/div>\n\t\t\n        <div class=\"banner-layers container\">\n            <div class=\"fill banner-link\"><\/div>            \n   <div id=\"text-box-359420639\" class=\"text-box banner-layer x5 md-x5 lg-x5 y95 md-y90 lg-y90 res-text\">\n                                <div class=\"text-box-content text box-shadow-1\">\n              \n              <div class=\"text-inner text-left\">\n                  \n<h6>C\u00d4NG TY LU\u1eacT BI LAW<\/h6>\n<h3 class=\"uppercase\">Th\u01b0a Qu\u00fd Kh\u00e1ch h\u00e0ng!<\/h3>\n              <\/div>\n           <\/div>\n                            \n<style>\n#text-box-359420639 .text-box-content {\n  background-color: rgba(255, 255, 255, 0.94);\n  font-size: 90%;\n}\n#text-box-359420639 .text-inner {\n  padding: 10px 10px 10px 10px;\n}\n#text-box-359420639 {\n  width: 90%;\n}\n@media (min-width:550px) {\n  #text-box-359420639 {\n    width: 41%;\n  }\n}\n<\/style>\n    <\/div>\n \n        <\/div>\n      <\/div>\n\n              <div class=\"height-fix is-invisible\"><img loading=\"lazy\" decoding=\"async\" width=\"1920\" height=\"700\" src=\"https:\/\/bilaw.vn\/wp-content\/uploads\/2023\/06\/bilaw-01.jpg\" class=\"attachment-original size-original\" alt=\"\" srcset=\"https:\/\/bilaw.vn\/wp-content\/uploads\/2023\/06\/bilaw-01.jpg 1920w, https:\/\/bilaw.vn\/wp-content\/uploads\/2023\/06\/bilaw-01-768x280.jpg 768w, https:\/\/bilaw.vn\/wp-content\/uploads\/2023\/06\/bilaw-01-1536x560.jpg 1536w\" sizes=\"auto, (max-width: 1920px) 100vw, 1920px\" \/><\/div>\n            \n<style>\n#banner-916630781 .bg.bg-loaded {\n  background-image: url(https:\/\/bilaw.vn\/wp-content\/uploads\/2023\/06\/bilaw-01.jpg);\n}\n#banner-916630781 .ux-shape-divider--top svg {\n  height: 150px;\n  --divider-top-width: 100%;\n}\n#banner-916630781 .ux-shape-divider--bottom svg {\n  height: 150px;\n  --divider-width: 100%;\n}\n<\/style>\n  <\/div>\n\n\n     <\/div>\n\n     <div class=\"loading-spin dark large centered\"><\/div>\n\n     \t<\/div>\n\n\n\t<div id=\"gap-1318292126\" class=\"gap-element clearfix\" style=\"display:block; height:auto;\">\n\t\t\n<style>\n#gap-1318292126 {\n  padding-top: 30px;\n}\n<\/style>\n\t<\/div>\n\t\n\t<section class=\"section font-d\" id=\"section_517957840\">\n\t\t<div class=\"bg section-bg fill bg-fill  bg-loaded\" >\n\n\t\t\t\n\t\t\t\n\t\t\t\n\n\t\t<\/div>\n\n\t\t\n\n\t\t<div class=\"section-content relative\">\n\t\t\t\n<div class=\"row\"  id=\"row-582491177\">\n\n\t<div id=\"col-1618919205\" class=\"col small-12 large-12\"  >\n\t\t\t\t<div class=\"col-inner\"  >\n\t\t\t\n\t\t\t\n\t<div id=\"text-71906019\" class=\"text\">\n\t\t\n<p style=\"text-align: justify;\"><i class=\"fa fa-check-square\" aria-hidden=\"true\"><\/i><span style=\"color: #000000; font-size: 100%;\"> T\u00ecm ki\u1ebfm gi\u1ea3i ph\u00e1p ph\u00e1p l\u00fd cho y\u00eau c\u1ea7u c\u1ee7a Qu\u00fd Kh\u00e1ch h\u00e0ng kh\u00f4ng nh\u1eefng \u0111\u00f2i h\u1ecfi v\u1ed1n ki\u1ebfn th\u1ee9c ph\u00e1p lu\u1eadt s\u00e2u r\u1ed9ng, kinh nghi\u1ec7m th\u1ef1c ti\u1ec5n phong ph\u00fa m\u00e0 c\u00f2n c\u1ea7n ph\u1ea3i c\u00f3 s\u1ef1 t\u1eadn t\u00e2m c\u1ee7a ng\u01b0\u1eddi Lu\u1eadt s\u01b0.<\/span><\/p>\n<p style=\"text-align: justify;\"><span style=\"color: #000000; font-size: 100%;\"><i class=\"fa fa-check-square\" aria-hidden=\"true\"><\/i> Th\u1ea5u hi\u1ec3u gi\u00e1 tr\u1ecb c\u1ee7a nh\u1eefng gi\u1ea3i ph\u00e1p ph\u00e1p l\u00fd, Bi Law h\u01b0\u1edbng \u0111\u1ebfn ph\u1ee5ng s\u1ef1 c\u1ed9ng \u0111\u1ed3ng doanh nghi\u1ec7p, ng\u01b0\u1eddi d\u00e2n, mang l\u1ea1i nh\u1eefng gi\u00e1 tr\u1ecb b\u1ec1n v\u1eefng th\u00f4ng qua ch\u1ea5t l\u01b0\u1ee3ng, hi\u1ec7u qu\u1ea3 t\u1eeb nh\u1eefng gi\u1ea3i ph\u00e1p.<\/span><\/p>\n<p style=\"text-align: justify;\"><i class=\"fa fa-check-square\" aria-hidden=\"true\"><\/i><span style=\"font-size: 100%; color: #000000;\"><strong> Bi Law<\/strong> cung c\u1ea5p c\u00e1c d\u1ecbch v\u1ee5 ph\u00e1p l\u00fd bao g\u1ed3m nh\u01b0ng kh\u00f4ng gi\u1edbi h\u1ea1n c\u00e1c L\u0129nh v\u1ef1c T\u01b0 v\u1ea5n v\u00e0 Tranh t\u1ee5ng cho c\u00e1c doanh nghi\u1ec7p 100% v\u1ed1n \u0111\u1ea7u t\u01b0 trong n\u01b0\u1edbc, doanh nghi\u1ec7p c\u00f3 v\u1ed1n \u0111\u1ea7u t\u01b0 n\u01b0\u1edbc ngo\u00e0i (FDI) trong v\u00e0 ngo\u00e0i Khu c\u00f4ng nghi\u1ec7p. Bi Law cung c\u1ea5p d\u1ecbch v\u1ee5 ph\u00e1p l\u00fd cho ng\u01b0\u1eddi d\u00e2n t\u1ea1i B\u00ecnh D\u01b0\u01a1ng, c\u00e1c t\u1ec9nh th\u00e0nh \u1edf t\u1ea5t c\u1ea3 c\u00e1c l\u0129nh v\u1ef1c D\u00e2n s\u1ef1, H\u00ecnh s\u1ef1, \u0110\u1ea5t \u0111ai, Th\u1eeba k\u1ebf, H\u00f4n nh\u00e2n gia \u0111\u00ecnh v\u00e0 c\u00e1c l\u0129nh v\u1ef1c ph\u00e1p l\u00fd kh\u00e1c.<\/span><\/p>\n<p style=\"text-align: justify;\"><span style=\"font-size: 100%;\"><i class=\"fa fa-check-square\" aria-hidden=\"true\"><\/i> <span style=\"color: #000000;\">C\u00e1c Lu\u1eadt s\u01b0 hi\u1ec7n h\u1eefu v\u00e0 c\u00e1c Lu\u1eadt s\u01b0 <strong>C\u1ed9ng t\u00e1c t\u1ea1i Bi Law<\/strong> th\u00e0nh th\u1ea1o ngo\u1ea1i ng\u1eef, c\u00f3 nhi\u1ec1u n\u0103m kinh nghi\u1ec7m trong ho\u1ea1t \u0111\u1ed9ng T\u01b0 v\u1ea5n v\u00e0 Tranh t\u1ee5ng, Lu\u1eadt s\u01b0 t\u1ea1i Bi Law h\u00e0nh ngh\u1ec1 theo h\u00ecnh th\u1ee9c chuy\u00ean m\u00f4n h\u00f3a.<\/span><\/span><\/p>\n<p style=\"text-align: justify;\"><span style=\"color: #000000; font-size: 100%;\"><i class=\"fa fa-check-square\" aria-hidden=\"true\"><\/i> V\u1edbi t\u00ednh chuy\u00ean nghi\u1ec7p, s\u1ef1 t\u1eadn t\u00e2m, tinh th\u1ea7n ph\u1ee5ng s\u1ef1, <strong>Bi Law<\/strong> hy v\u1ecdng c\u00f3 c\u01a1 h\u1ed9i h\u1ee3p t\u00e1c, h\u1ed7 tr\u1ee3, g\u00f3p ph\u1ea7n v\u00e0o s\u1ef1 th\u1ecbnh v\u01b0\u1ee3ng v\u00e0 ph\u00e1t tri\u1ec3n c\u1ee7a Qu\u00fd kh\u00e1ch h\u00e0ng.<\/span><\/p>\n\t\t\n<style>\n#text-71906019 {\n  line-height: 2;\n}\n<\/style>\n\t<\/div>\n\t\n\t<div class=\"img has-hover x md-x lg-x y md-y lg-y\" id=\"image_1373056919\">\n\t\t\t\t\t\t\t\t<div class=\"img-inner dark\" >\n\t\t\t<img loading=\"lazy\" decoding=\"async\" width=\"1920\" height=\"700\" src=\"https:\/\/bilaw.vn\/wp-content\/uploads\/2023\/06\/bilaw-02.jpg\" class=\"attachment-original size-original\" alt=\"\" srcset=\"https:\/\/bilaw.vn\/wp-content\/uploads\/2023\/06\/bilaw-02.jpg 1920w, https:\/\/bilaw.vn\/wp-content\/uploads\/2023\/06\/bilaw-02-768x280.jpg 768w, https:\/\/bilaw.vn\/wp-content\/uploads\/2023\/06\/bilaw-02-1536x560.jpg 1536w\" sizes=\"auto, (max-width: 1920px) 100vw, 1920px\" \/>\t\t\t\t\t\t\n\t\t\t\t\t<\/div>\n\t\t\t\t\t\t\t\t\n<style>\n#image_1373056919 {\n  width: 100%;\n}\n<\/style>\n\t<\/div>\n\t\n\t\t<\/div>\n\t\t\t\t\t<\/div>\n\n\t\n<\/div>\n\t\t<\/div>\n\n\t\t\n<style>\n#section_517957840 {\n  padding-top: 0px;\n  padding-bottom: 0px;\n}\n#section_517957840 .ux-shape-divider--top svg {\n  height: 150px;\n  --divider-top-width: 100%;\n}\n#section_517957840 .ux-shape-divider--bottom svg {\n  height: 150px;\n  --divider-width: 100%;\n}\n<\/style>\n\t<\/section>\n\t\n\t<section class=\"section font-d\" id=\"section_810764168\">\n\t\t<div class=\"bg section-bg fill bg-fill  bg-loaded\" >\n\n\t\t\t\n\t\t\t\n\t\t\t\n\n\t\t<\/div>\n\n\t\t\n\n\t\t<div class=\"section-content relative\">\n\t\t\t\n<div class=\"container section-title-container\" ><h3 class=\"section-title section-title-normal\"><b><\/b><span class=\"section-title-main\" >C\u00e1c d\u1ecbch v\u1ee5 ph\u00e1p l\u00fd Bi Law hi\u1ec7n \u0111ang cung c\u1ea5p:<\/span><b><\/b><\/h3><\/div>\n<div class=\"row\"  id=\"row-1687205717\">\n\n\t<div id=\"col-1539582857\" class=\"col medium-6 small-12 large-6\"  >\n\t\t\t\t<div class=\"col-inner\"  >\n\t\t\t\n\t\t\t\n\t<div class=\"ux-menu stack stack-col justify-start ux-menu--divider-solid\">\n\t\t\n\t<div class=\"ux-menu-link flex menu-item\">\n\t\t<a class=\"ux-menu-link__link flex\" href=\"https:\/\/bilaw.vn\/?p=781\" target=\"_blank\" rel=\"noopener noreferrer\" >\n\t\t\t<i class=\"ux-menu-link__icon text-center icon-angle-right\" ><\/i>\t\t\t<span class=\"ux-menu-link__text\">\n\t\t\t\tT\u01b0 v\u1ea5n \u0111\u1ea7u t\u01b0 (xin c\u1ea5p ph\u00e9p d\u1ef1 \u00e1n trong n\u01b0\u1edbc v\u00e0 d\u1ef1 \u00e1n c\u00f3 v\u1ed1n \u0111\u1ea7u t\u01b0 n\u01b0\u1edbc ngo\u00e0i)\t\t\t<\/span>\n\t\t<\/a>\n\t<\/div>\n\t\n\t<div class=\"ux-menu-link flex menu-item\">\n\t\t<a class=\"ux-menu-link__link flex\" href=\"https:\/\/bilaw.vn\/?p=776\" target=\"_blank\" rel=\"noopener noreferrer\" >\n\t\t\t<i class=\"ux-menu-link__icon text-center icon-angle-right\" ><\/i>\t\t\t<span class=\"ux-menu-link__text\">\n\t\t\t\tChuy\u1ec3n nh\u01b0\u1ee3ng d\u1ef1 \u00e1n\t\t\t<\/span>\n\t\t<\/a>\n\t<\/div>\n\t\n\t<div class=\"ux-menu-link flex menu-item\">\n\t\t<a class=\"ux-menu-link__link flex\" href=\"https:\/\/bilaw.vn\/?p=755\" target=\"_blank\" rel=\"noopener noreferrer\" >\n\t\t\t<i class=\"ux-menu-link__icon text-center icon-angle-right\" ><\/i>\t\t\t<span class=\"ux-menu-link__text\">\n\t\t\t\tMua b\u00e1n s\u00e1p nh\u1eadp doanh nghi\u1ec7p, Chuy\u1ec3n nh\u01b0\u1ee3ng v\u1ed1n g\u00f3p\/C\u1ed5 ph\u1ea7n t\u1ea1i Doanh nghi\u1ec7p\t\t\t<\/span>\n\t\t<\/a>\n\t<\/div>\n\t\n\t<div class=\"ux-menu-link flex menu-item\">\n\t\t<a class=\"ux-menu-link__link flex\" href=\"https:\/\/bilaw.vn\/?p=1128\" target=\"_blank\" rel=\"noopener noreferrer\" >\n\t\t\t<i class=\"ux-menu-link__icon text-center icon-angle-right\" ><\/i>\t\t\t<span class=\"ux-menu-link__text\">\n\t\t\t\tT\u01b0 v\u1ea5n, so\u1ea1n th\u1ea3o h\u1ee3p \u0111\u1ed3ng\t\t\t<\/span>\n\t\t<\/a>\n\t<\/div>\n\t\n\t<div class=\"ux-menu-link flex menu-item\">\n\t\t<a class=\"ux-menu-link__link flex\" href=\"https:\/\/bilaw.vn\/?p=1126\"  >\n\t\t\t<i class=\"ux-menu-link__icon text-center icon-angle-right\" ><\/i>\t\t\t<span class=\"ux-menu-link__text\">\n\t\t\t\tPh\u00e1p l\u00fd qu\u1ea3n tr\u1ecb n\u1ed9i b\u1ed9, ho\u1ea1t \u0111\u1ed9ng th\u01b0\u01a1ng m\u1ea1i c\u1ee7a Doanh nghi\u1ec7p\t\t\t<\/span>\n\t\t<\/a>\n\t<\/div>\n\t\n\t<div class=\"ux-menu-link flex menu-item\">\n\t\t<a class=\"ux-menu-link__link flex\" href=\"https:\/\/bilaw.vn\/?p=566\" target=\"_blank\" rel=\"noopener noreferrer\" >\n\t\t\t<i class=\"ux-menu-link__icon text-center icon-angle-right\" ><\/i>\t\t\t<span class=\"ux-menu-link__text\">\n\t\t\t\tT\u01b0 v\u1ea5n ph\u00e1p l\u00fd th\u01b0\u1eddng xuy\u00ean cho c\u00e1c doanh nghi\u1ec7p\t\t\t<\/span>\n\t\t<\/a>\n\t<\/div>\n\t\n\t<div class=\"ux-menu-link flex menu-item\">\n\t\t<a class=\"ux-menu-link__link flex\" href=\"https:\/\/bilaw.vn\/?p=554\"  >\n\t\t\t<i class=\"ux-menu-link__icon text-center icon-angle-right\" ><\/i>\t\t\t<span class=\"ux-menu-link__text\">\n\t\t\t\tS\u1edf h\u1eefu tr\u00ed tu\u1ec7\t\t\t<\/span>\n\t\t<\/a>\n\t<\/div>\n\t\n\t<\/div>\n\t\n\t\t<\/div>\n\t\t\t\t\t<\/div>\n\n\t\n\n\t<div id=\"col-904500279\" class=\"col medium-6 small-12 large-6\"  >\n\t\t\t\t<div class=\"col-inner\"  >\n\t\t\t\n\t\t\t\n\t<div class=\"ux-menu stack stack-col justify-start ux-menu--divider-solid\">\n\t\t\n\t<div class=\"ux-menu-link flex menu-item\">\n\t\t<a class=\"ux-menu-link__link flex\" href=\"https:\/\/bilaw.vn\/?p=557\" target=\"_blank\" rel=\"noopener noreferrer\" >\n\t\t\t<i class=\"ux-menu-link__icon text-center icon-angle-right\" ><\/i>\t\t\t<span class=\"ux-menu-link__text\">\n\t\t\t\tLao \u0111\u1ed9ng\t\t\t<\/span>\n\t\t<\/a>\n\t<\/div>\n\t\n\t<div class=\"ux-menu-link flex menu-item\">\n\t\t<a class=\"ux-menu-link__link flex\" href=\"https:\/\/bilaw.vn\/?p=791\" target=\"_blank\" rel=\"noopener noreferrer\" >\n\t\t\t<i class=\"ux-menu-link__icon text-center icon-angle-right\" ><\/i>\t\t\t<span class=\"ux-menu-link__text\">\n\t\t\t\tPh\u00e1p lu\u1eadt T\u00e0i ch\u00ednh ng\u00e2n h\u00e0ng, ph\u00e1p lu\u1eadt v\u1ec1 thu\u1ebf\t\t\t<\/span>\n\t\t<\/a>\n\t<\/div>\n\t\n\t<div class=\"ux-menu-link flex menu-item\">\n\t\t<a class=\"ux-menu-link__link flex\" href=\"https:\/\/bilaw.vn\/?p=1122\"  >\n\t\t\t<i class=\"ux-menu-link__icon text-center icon-angle-right\" ><\/i>\t\t\t<span class=\"ux-menu-link__text\">\n\t\t\t\tTh\u1eeba k\u1ebf\t\t\t<\/span>\n\t\t<\/a>\n\t<\/div>\n\t\n\t<div class=\"ux-menu-link flex menu-item\">\n\t\t<a class=\"ux-menu-link__link flex\" href=\"https:\/\/bilaw.vn\/?p=551\" target=\"_blank\" rel=\"noopener noreferrer\" >\n\t\t\t<i class=\"ux-menu-link__icon text-center icon-angle-right\" ><\/i>\t\t\t<span class=\"ux-menu-link__text\">\n\t\t\t\t\u0110\u1ea5t \u0111ai, B\u1ea5t \u0111\u1ed9ng s\u1ea3n v\u00e0 x\u00e2y d\u1ef1ng\t\t\t<\/span>\n\t\t<\/a>\n\t<\/div>\n\t\n\t<div class=\"ux-menu-link flex menu-item\">\n\t\t<a class=\"ux-menu-link__link flex\" href=\"https:\/\/bilaw.vn\/?p=1120\"  >\n\t\t\t<i class=\"ux-menu-link__icon text-center icon-angle-right\" ><\/i>\t\t\t<span class=\"ux-menu-link__text\">\n\t\t\t\tH\u00f4n nh\u00e2n v\u00e0 gia \u0111\u00ecnh\t\t\t<\/span>\n\t\t<\/a>\n\t<\/div>\n\t\n\t<div class=\"ux-menu-link flex menu-item\">\n\t\t<a class=\"ux-menu-link__link flex\" href=\"https:\/\/bilaw.vn\/?p=788\" target=\"_blank\" rel=\"noopener noreferrer\" >\n\t\t\t<i class=\"ux-menu-link__icon text-center icon-angle-right\" ><\/i>\t\t\t<span class=\"ux-menu-link__text\">\n\t\t\t\tTranh t\u1ee5ng t\u1ea1i c\u00e1c c\u1ea5p T\u00f2a \u00e1n v\u00e0 Tr\u1ecdng t\u00e0i th\u01b0\u01a1ng m\u1ea1i\t\t\t<\/span>\n\t\t<\/a>\n\t<\/div>\n\t\n\t<div class=\"ux-menu-link flex menu-item\">\n\t\t<a class=\"ux-menu-link__link flex\" href=\"https:\/\/bilaw.vn\/?p=1377\"  >\n\t\t\t<i class=\"ux-menu-link__icon text-center icon-angle-right\" ><\/i>\t\t\t<span class=\"ux-menu-link__text\">\n\t\t\t\tC\u00e1c d\u1ecbch v\u1ee5 ph\u00e1p l\u00fd li\u00ean quan kh\u00e1c\t\t\t<\/span>\n\t\t<\/a>\n\t<\/div>\n\t\n\t<\/div>\n\t\n\t\t<\/div>\n\t\t\t\t\t<\/div>\n\n\t\n<\/div>\n\t\t<\/div>\n\n\t\t\n<style>\n#section_810764168 {\n  padding-top: 0px;\n  padding-bottom: 0px;\n}\n#section_810764168 .ux-shape-divider--top svg {\n  height: 150px;\n  --divider-top-width: 100%;\n}\n#section_810764168 .ux-shape-divider--bottom svg {\n  height: 150px;\n  --divider-width: 100%;\n}\n<\/style>\n\t<\/section>\n\t\n","protected":false},"excerpt":{"rendered":"","protected":false},"author":3,"featured_media":1878,"parent":0,"menu_order":0,"comment_status":"closed","ping_status":"closed","template":"page-blank.php","meta":{"footnotes":""},"class_list":["post-513","page","type-page","status-publish","has-post-thumbnail","hentry"],"yoast_head":"<!-- This site is optimized with the Yoast SEO Premium plugin v18.2.1 (Yoast SEO v24.6) - https:\/\/yoast.com\/wordpress\/plugins\/seo\/ -->\n<title>Gi\u1edbi thi\u1ec7u - C\u00d4NG TY LU\u1eacT TNHH BI LAW<\/title>\n<meta name=\"robots\" content=\"index, follow, max-snippet:-1, max-image-preview:large, max-video-preview:-1\" \/>\n<link rel=\"canonical\" href=\"https:\/\/bilaw.vn\/?page_id=513\" \/>\n<meta property=\"og:locale\" content=\"vi_VN\" \/>\n<meta property=\"og:type\" content=\"article\" \/>\n<meta property=\"og:title\" content=\"Gi\u1edbi thi\u1ec7u\" \/>\n<meta property=\"og:url\" content=\"https:\/\/bilaw.vn\/?page_id=513\" \/>\n<meta property=\"og:site_name\" content=\"C\u00d4NG TY LU\u1eacT TNHH BI LAW\" \/>\n<meta property=\"article:modified_time\" content=\"2023-06-15T18:15:52+00:00\" \/>\n<meta property=\"og:image\" content=\"https:\/\/bilaw.vn\/wp-content\/uploads\/2023\/06\/home-bilaw.jpg\" \/>\n\t<meta property=\"og:image:width\" content=\"1440\" \/>\n\t<meta property=\"og:image:height\" content=\"1193\" \/>\n\t<meta property=\"og:image:type\" content=\"image\/jpeg\" \/>\n<meta name=\"twitter:card\" content=\"summary_large_image\" \/>\n<meta name=\"twitter:label1\" content=\"\u01af\u1edbc t\u00ednh th\u1eddi gian \u0111\u1ecdc\" \/>\n\t<meta name=\"twitter:data1\" content=\"3 ph\u00fat\" \/>\n<script type=\"application\/ld+json\" class=\"yoast-schema-graph\">{\"@context\":\"https:\/\/schema.org\",\"@graph\":[{\"@type\":\"WebPage\",\"@id\":\"https:\/\/bilaw.vn\/?page_id=513\",\"url\":\"https:\/\/bilaw.vn\/?page_id=513\",\"name\":\"Gi\u1edbi thi\u1ec7u - C\u00d4NG TY LU\u1eacT TNHH BI LAW\",\"isPartOf\":{\"@id\":\"https:\/\/bilaw.vn\/#website\"},\"primaryImageOfPage\":{\"@id\":\"https:\/\/bilaw.vn\/?page_id=513#primaryimage\"},\"image\":{\"@id\":\"https:\/\/bilaw.vn\/?page_id=513#primaryimage\"},\"thumbnailUrl\":\"https:\/\/bilaw.vn\/wp-content\/uploads\/2023\/06\/home-bilaw.jpg\",\"datePublished\":\"2021-11-16T05:34:45+00:00\",\"dateModified\":\"2023-06-15T18:15:52+00:00\",\"breadcrumb\":{\"@id\":\"https:\/\/bilaw.vn\/?page_id=513#breadcrumb\"},\"inLanguage\":\"vi\",\"potentialAction\":[{\"@type\":\"ReadAction\",\"target\":[\"https:\/\/bilaw.vn\/?page_id=513\"]}]},{\"@type\":\"ImageObject\",\"inLanguage\":\"vi\",\"@id\":\"https:\/\/bilaw.vn\/?page_id=513#primaryimage\",\"url\":\"https:\/\/bilaw.vn\/wp-content\/uploads\/2023\/06\/home-bilaw.jpg\",\"contentUrl\":\"https:\/\/bilaw.vn\/wp-content\/uploads\/2023\/06\/home-bilaw.jpg\",\"width\":1440,\"height\":1193},{\"@type\":\"BreadcrumbList\",\"@id\":\"https:\/\/bilaw.vn\/?page_id=513#breadcrumb\",\"itemListElement\":[{\"@type\":\"ListItem\",\"position\":1,\"name\":\"Trang ch\u1ee7\",\"item\":\"https:\/\/bilaw.vn\/\"},{\"@type\":\"ListItem\",\"position\":2,\"name\":\"Gi\u1edbi thi\u1ec7u\"}]},{\"@type\":\"WebSite\",\"@id\":\"https:\/\/bilaw.vn\/#website\",\"url\":\"https:\/\/bilaw.vn\/\",\"name\":\"C\u00d4NG TY LU\u1eacT TNHH BI LAW\",\"description\":\"T\u01b0 v\u1ea5n \u0111\u1ea7u t\u01b0, Doanh nghi\u1ec7p, H\u1ee3p \u0111\u1ed3ng, Tranh t\u1ee5ng v\u00e0 c\u00e1c l\u0129nh v\u1ef1c ph\u00e1p l\u00fd kh\u00e1c\",\"potentialAction\":[{\"@type\":\"SearchAction\",\"target\":{\"@type\":\"EntryPoint\",\"urlTemplate\":\"https:\/\/bilaw.vn\/?s={search_term_string}\"},\"query-input\":{\"@type\":\"PropertyValueSpecification\",\"valueRequired\":true,\"valueName\":\"search_term_string\"}}],\"inLanguage\":\"vi\"}]}<\/script>\n<!-- \/ Yoast SEO Premium plugin. -->","yoast_head_json":{"title":"Gi\u1edbi thi\u1ec7u - C\u00d4NG TY LU\u1eacT TNHH BI LAW","robots":{"index":"index","follow":"follow","max-snippet":"max-snippet:-1","max-image-preview":"max-image-preview:large","max-video-preview":"max-video-preview:-1"},"canonical":"https:\/\/bilaw.vn\/?page_id=513","og_locale":"vi_VN","og_type":"article","og_title":"Gi\u1edbi thi\u1ec7u","og_url":"https:\/\/bilaw.vn\/?page_id=513","og_site_name":"C\u00d4NG TY LU\u1eacT TNHH BI LAW","article_modified_time":"2023-06-15T18:15:52+00:00","og_image":[{"width":1440,"height":1193,"url":"https:\/\/bilaw.vn\/wp-content\/uploads\/2023\/06\/home-bilaw.jpg","type":"image\/jpeg"}],"twitter_card":"summary_large_image","twitter_misc":{"\u01af\u1edbc t\u00ednh th\u1eddi gian \u0111\u1ecdc":"3 ph\u00fat"},"schema":{"@context":"https:\/\/schema.org","@graph":[{"@type":"WebPage","@id":"https:\/\/bilaw.vn\/?page_id=513","url":"https:\/\/bilaw.vn\/?page_id=513","name":"Gi\u1edbi thi\u1ec7u - C\u00d4NG TY LU\u1eacT TNHH BI LAW","isPartOf":{"@id":"https:\/\/bilaw.vn\/#website"},"primaryImageOfPage":{"@id":"https:\/\/bilaw.vn\/?page_id=513#primaryimage"},"image":{"@id":"https:\/\/bilaw.vn\/?page_id=513#primaryimage"},"thumbnailUrl":"https:\/\/bilaw.vn\/wp-content\/uploads\/2023\/06\/home-bilaw.jpg","datePublished":"2021-11-16T05:34:45+00:00","dateModified":"2023-06-15T18:15:52+00:00","breadcrumb":{"@id":"https:\/\/bilaw.vn\/?page_id=513#breadcrumb"},"inLanguage":"vi","potentialAction":[{"@type":"ReadAction","target":["https:\/\/bilaw.vn\/?page_id=513"]}]},{"@type":"ImageObject","inLanguage":"vi","@id":"https:\/\/bilaw.vn\/?page_id=513#primaryimage","url":"https:\/\/bilaw.vn\/wp-content\/uploads\/2023\/06\/home-bilaw.jpg","contentUrl":"https:\/\/bilaw.vn\/wp-content\/uploads\/2023\/06\/home-bilaw.jpg","width":1440,"height":1193},{"@type":"BreadcrumbList","@id":"https:\/\/bilaw.vn\/?page_id=513#breadcrumb","itemListElement":[{"@type":"ListItem","position":1,"name":"Trang ch\u1ee7","item":"https:\/\/bilaw.vn\/"},{"@type":"ListItem","position":2,"name":"Gi\u1edbi thi\u1ec7u"}]},{"@type":"WebSite","@id":"https:\/\/bilaw.vn\/#website","url":"https:\/\/bilaw.vn\/","name":"C\u00d4NG TY LU\u1eacT TNHH BI LAW","description":"T\u01b0 v\u1ea5n \u0111\u1ea7u t\u01b0, Doanh nghi\u1ec7p, H\u1ee3p \u0111\u1ed3ng, Tranh t\u1ee5ng v\u00e0 c\u00e1c l\u0129nh v\u1ef1c ph\u00e1p l\u00fd kh\u00e1c","potentialAction":[{"@type":"SearchAction","target":{"@type":"EntryPoint","urlTemplate":"https:\/\/bilaw.vn\/?s={search_term_string}"},"query-input":{"@type":"PropertyValueSpecification","valueRequired":true,"valueName":"search_term_string"}}],"inLanguage":"vi"}]}},"lang":"vi","translations":{"vi":513,"en":1381,"ko":1543,"zh":1545,"ja":1836},"pll_sync_post":[],"_links":{"self":[{"href":"https:\/\/bilaw.vn\/index.php?rest_route=\/wp\/v2\/pages\/513","targetHints":{"allow":["GET"]}}],"collection":[{"href":"https:\/\/bilaw.vn\/index.php?rest_route=\/wp\/v2\/pages"}],"about":[{"href":"https:\/\/bilaw.vn\/index.php?rest_route=\/wp\/v2\/types\/page"}],"author":[{"embeddable":true,"href":"https:\/\/bilaw.vn\/index.php?rest_route=\/wp\/v2\/users\/3"}],"replies":[{"embeddable":true,"href":"https:\/\/bilaw.vn\/index.php?rest_route=%2Fwp%2Fv2%2Fcomments&post=513"}],"version-history":[{"count":40,"href":"https:\/\/bilaw.vn\/index.php?rest_route=\/wp\/v2\/pages\/513\/revisions"}],"predecessor-version":[{"id":1904,"href":"https:\/\/bilaw.vn\/index.php?rest_route=\/wp\/v2\/pages\/513\/revisions\/1904"}],"wp:featuredmedia":[{"embeddable":true,"href":"https:\/\/bilaw.vn\/index.php?rest_route=\/wp\/v2\/media\/1878"}],"wp:attachment":[{"href":"https:\/\/bilaw.vn\/index.php?rest_route=%2Fwp%2Fv2%2Fmedia&parent=513"}],"curies":[{"name":"wp","href":"https:\/\/api.w.org\/{rel}","templated":true}]}}